{"id":907,"date":"2024-01-31T01:57:16","date_gmt":"2024-01-31T00:57:16","guid":{"rendered":"https:\/\/sheilamanicure.com\/?post_type=product&#038;p=907"},"modified":"2025-07-22T21:15:24","modified_gmt":"2025-07-22T19:15:24","slug":"azul-3","status":"publish","type":"product","link":"https:\/\/sheilamanicure.com\/?product=azul-3","title":{"rendered":"Verde mar"},"content":{"rendered":"<p>Esmalte de 15ml<\/p>\n<p>alta pigmentaci\u00f3n y calidad<\/p>\n<p>Precauci\u00f3n: Evite la luz directa y exposici\u00f3n a la luz solar o l\u00e1mpara UV\/Led.<\/p>\n<p>S\u00f3lo para uso profesional UV GEL POLISH SOAK-OFF<\/p>\n","protected":false},"excerpt":{"rendered":"<p>Esmalte de 15ml alta pigmentaci\u00f3n y calidad Precauci\u00f3n: Evite la luz directa y exposici\u00f3n a la luz solar o l\u00e1mpara UV\/Led. S\u00f3lo para uso profesional UV GEL POLISH SOAK-OFF<\/p>\n","protected":false},"featured_media":1048,"comment_status":"open","ping_status":"closed","template":"","meta":{"om_disable_all_campaigns":false,"_monsterinsights_skip_tracking":false,"_monsterinsights_sitenote_active":false,"_monsterinsights_sitenote_note":"","_monsterinsights_sitenote_category":0},"product_brand":[],"product_cat":[21],"product_tag":[],"class_list":{"0":"post-907","1":"product","2":"type-product","3":"status-publish","4":"has-post-thumbnail","6":"product_cat-esmaltes-semipermanentes","8":"first","9":"outofstock","10":"featured","11":"taxable","12":"shipping-taxable","13":"purchasable","14":"product-type-simple"},"aioseo_notices":[],"jetpack_likes_enabled":true,"jetpack_sharing_enabled":true,"_links":{"self":[{"href":"https:\/\/sheilamanicure.com\/index.php?rest_route=\/wp\/v2\/product\/907"}],"collection":[{"href":"https:\/\/sheilamanicure.com\/index.php?rest_route=\/wp\/v2\/product"}],"about":[{"href":"https:\/\/sheilamanicure.com\/index.php?rest_route=\/wp\/v2\/types\/product"}],"replies":[{"embeddable":true,"href":"https:\/\/sheilamanicure.com\/index.php?rest_route=%2Fwp%2Fv2%2Fcomments&post=907"}],"wp:featuredmedia":[{"embeddable":true,"href":"https:\/\/sheilamanicure.com\/index.php?rest_route=\/wp\/v2\/media\/1048"}],"wp:attachment":[{"href":"https:\/\/sheilamanicure.com\/index.php?rest_route=%2Fwp%2Fv2%2Fmedia&parent=907"}],"wp:term":[{"taxonomy":"product_brand","embeddable":true,"href":"https:\/\/sheilamanicure.com\/index.php?rest_route=%2Fwp%2Fv2%2Fproduct_brand&post=907"},{"taxonomy":"product_cat","embeddable":true,"href":"https:\/\/sheilamanicure.com\/index.php?rest_route=%2Fwp%2Fv2%2Fproduct_cat&post=907"},{"taxonomy":"product_tag","embeddable":true,"href":"https:\/\/sheilamanicure.com\/index.php?rest_route=%2Fwp%2Fv2%2Fproduct_tag&post=907"}],"curies":[{"name":"wp","href":"https:\/\/api.w.org\/{rel}","templated":true}]}}