{"id":878,"date":"2024-01-31T00:27:28","date_gmt":"2024-01-30T23:27:28","guid":{"rendered":"https:\/\/sheilamanicure.com\/?post_type=product&#038;p=878"},"modified":"2026-05-05T14:48:34","modified_gmt":"2026-05-05T12:48:34","slug":"acid-cree-primer","status":"publish","type":"product","link":"https:\/\/sheilamanicure.com\/?product=acid-cree-primer","title":{"rendered":"Acid free primer"},"content":{"rendered":"<blockquote><p>el bote contiene 15 ml<br \/>\nPrimer sin \u00e1cido<\/p>\n<\/blockquote>\n<p>Modo de uso: Despu\u00e9s de preparar la u\u00f1a, aplicar muy poquita cantidad sin tocar la piel, secado al aire<\/p>\n","protected":false},"excerpt":{"rendered":"<p>el bote contiene 15 ml Primer sin \u00e1cido Modo de uso: Despu\u00e9s de preparar la u\u00f1a, aplicar muy poquita cantidad sin tocar la piel, secado al aire<\/p>\n","protected":false},"featured_media":879,"comment_status":"open","ping_status":"closed","template":"","meta":{"om_disable_all_campaigns":false,"_monsterinsights_skip_tracking":false,"_monsterinsights_sitenote_active":false,"_monsterinsights_sitenote_note":"","_monsterinsights_sitenote_category":0},"product_brand":[],"product_cat":[22],"product_tag":[],"class_list":{"0":"post-878","1":"product","2":"type-product","3":"status-publish","4":"has-post-thumbnail","6":"product_cat-bases-y-tops","8":"first","9":"instock","10":"featured","11":"taxable","12":"shipping-taxable","13":"purchasable","14":"product-type-simple"},"aioseo_notices":[],"jetpack_likes_enabled":true,"jetpack_sharing_enabled":true,"_links":{"self":[{"href":"https:\/\/sheilamanicure.com\/index.php?rest_route=\/wp\/v2\/product\/878"}],"collection":[{"href":"https:\/\/sheilamanicure.com\/index.php?rest_route=\/wp\/v2\/product"}],"about":[{"href":"https:\/\/sheilamanicure.com\/index.php?rest_route=\/wp\/v2\/types\/product"}],"replies":[{"embeddable":true,"href":"https:\/\/sheilamanicure.com\/index.php?rest_route=%2Fwp%2Fv2%2Fcomments&post=878"}],"wp:featuredmedia":[{"embeddable":true,"href":"https:\/\/sheilamanicure.com\/index.php?rest_route=\/wp\/v2\/media\/879"}],"wp:attachment":[{"href":"https:\/\/sheilamanicure.com\/index.php?rest_route=%2Fwp%2Fv2%2Fmedia&parent=878"}],"wp:term":[{"taxonomy":"product_brand","embeddable":true,"href":"https:\/\/sheilamanicure.com\/index.php?rest_route=%2Fwp%2Fv2%2Fproduct_brand&post=878"},{"taxonomy":"product_cat","embeddable":true,"href":"https:\/\/sheilamanicure.com\/index.php?rest_route=%2Fwp%2Fv2%2Fproduct_cat&post=878"},{"taxonomy":"product_tag","embeddable":true,"href":"https:\/\/sheilamanicure.com\/index.php?rest_route=%2Fwp%2Fv2%2Fproduct_tag&post=878"}],"curies":[{"name":"wp","href":"https:\/\/api.w.org\/{rel}","templated":true}]}}