{"id":864,"date":"2024-01-31T00:09:55","date_gmt":"2024-01-30T23:09:55","guid":{"rendered":"https:\/\/sheilamanicure.com\/?post_type=product&#038;p=864"},"modified":"2025-08-12T22:28:33","modified_gmt":"2025-08-12T20:28:33","slug":"base-rubber-lechoso-negro-y-dorado","status":"publish","type":"product","link":"https:\/\/sheilamanicure.com\/?product=base-rubber-lechoso-negro-y-dorado","title":{"rendered":"Base Rubber lechoso +negro y dorado flakes fiesta"},"content":{"rendered":"<p>Esmalte de 15ml<\/p>\n<p>Precauci\u00f3n: Evite la luz directa y exposici\u00f3n a la luz solar o l\u00e1mpara UV\/Led.<\/p>\n<p>S\u00f3lo para uso profesional UV GEL POLISH SOAK-OFF<\/p>\n","protected":false},"excerpt":{"rendered":"<p>Esmalte de 15ml Precauci\u00f3n: Evite la luz directa y exposici\u00f3n a la luz solar o l\u00e1mpara UV\/Led. S\u00f3lo para uso profesional UV GEL POLISH SOAK-OFF<\/p>\n","protected":false},"featured_media":866,"comment_status":"open","ping_status":"closed","template":"","meta":{"om_disable_all_campaigns":false,"_monsterinsights_skip_tracking":false,"_monsterinsights_sitenote_active":false,"_monsterinsights_sitenote_note":"","_monsterinsights_sitenote_category":0},"product_brand":[],"product_cat":[22],"product_tag":[],"class_list":{"0":"post-864","1":"product","2":"type-product","3":"status-publish","4":"has-post-thumbnail","6":"product_cat-bases-y-tops","8":"first","9":"instock","10":"featured","11":"taxable","12":"shipping-taxable","13":"purchasable","14":"product-type-simple"},"aioseo_notices":[],"jetpack_likes_enabled":true,"jetpack_sharing_enabled":true,"_links":{"self":[{"href":"https:\/\/sheilamanicure.com\/index.php?rest_route=\/wp\/v2\/product\/864"}],"collection":[{"href":"https:\/\/sheilamanicure.com\/index.php?rest_route=\/wp\/v2\/product"}],"about":[{"href":"https:\/\/sheilamanicure.com\/index.php?rest_route=\/wp\/v2\/types\/product"}],"replies":[{"embeddable":true,"href":"https:\/\/sheilamanicure.com\/index.php?rest_route=%2Fwp%2Fv2%2Fcomments&post=864"}],"wp:featuredmedia":[{"embeddable":true,"href":"https:\/\/sheilamanicure.com\/index.php?rest_route=\/wp\/v2\/media\/866"}],"wp:attachment":[{"href":"https:\/\/sheilamanicure.com\/index.php?rest_route=%2Fwp%2Fv2%2Fmedia&parent=864"}],"wp:term":[{"taxonomy":"product_brand","embeddable":true,"href":"https:\/\/sheilamanicure.com\/index.php?rest_route=%2Fwp%2Fv2%2Fproduct_brand&post=864"},{"taxonomy":"product_cat","embeddable":true,"href":"https:\/\/sheilamanicure.com\/index.php?rest_route=%2Fwp%2Fv2%2Fproduct_cat&post=864"},{"taxonomy":"product_tag","embeddable":true,"href":"https:\/\/sheilamanicure.com\/index.php?rest_route=%2Fwp%2Fv2%2Fproduct_tag&post=864"}],"curies":[{"name":"wp","href":"https:\/\/api.w.org\/{rel}","templated":true}]}}