{"id":577,"date":"2021-04-13T21:08:54","date_gmt":"2021-04-13T21:08:54","guid":{"rendered":"https:\/\/demo.creativethemes.com\/blocksy\/homi\/?post_type=product&#038;p=577"},"modified":"2026-02-25T17:03:55","modified_gmt":"2026-02-25T16:03:55","slug":"wooden-table","status":"publish","type":"product","link":"https:\/\/sheilamanicure.com\/?product=wooden-table","title":{"rendered":"Colecci\u00f3n de pasteles, claritos"},"content":{"rendered":"","protected":false},"excerpt":{"rendered":"<p>6 esmaltes colecci\u00f3n<\/p>\n<p>Esmaltes de 15ml<\/p>\n<p>alta pigmentaci\u00f3n y calidad<\/p>\n<p>Precauci\u00f3n: Evite la luz directa y exposici\u00f3n a la luz solar o l\u00e1mpara UV\/Led.<\/p>\n<p>S\u00f3lo para uso profesional UV GEL POLISH SOAK-OFF<\/p>\n","protected":false},"featured_media":2894,"comment_status":"open","ping_status":"closed","template":"","meta":{"om_disable_all_campaigns":false,"_monsterinsights_skip_tracking":false,"_monsterinsights_sitenote_active":false,"_monsterinsights_sitenote_note":"","_monsterinsights_sitenote_category":0},"product_brand":[],"product_cat":[29],"product_tag":[],"class_list":{"0":"post-577","1":"product","2":"type-product","3":"status-publish","4":"has-post-thumbnail","6":"product_cat-colecciones","8":"first","9":"instock","10":"featured","11":"taxable","12":"shipping-taxable","13":"purchasable","14":"product-type-simple"},"aioseo_notices":[],"jetpack_likes_enabled":true,"jetpack_sharing_enabled":true,"_links":{"self":[{"href":"https:\/\/sheilamanicure.com\/index.php?rest_route=\/wp\/v2\/product\/577"}],"collection":[{"href":"https:\/\/sheilamanicure.com\/index.php?rest_route=\/wp\/v2\/product"}],"about":[{"href":"https:\/\/sheilamanicure.com\/index.php?rest_route=\/wp\/v2\/types\/product"}],"replies":[{"embeddable":true,"href":"https:\/\/sheilamanicure.com\/index.php?rest_route=%2Fwp%2Fv2%2Fcomments&post=577"}],"wp:featuredmedia":[{"embeddable":true,"href":"https:\/\/sheilamanicure.com\/index.php?rest_route=\/wp\/v2\/media\/2894"}],"wp:attachment":[{"href":"https:\/\/sheilamanicure.com\/index.php?rest_route=%2Fwp%2Fv2%2Fmedia&parent=577"}],"wp:term":[{"taxonomy":"product_brand","embeddable":true,"href":"https:\/\/sheilamanicure.com\/index.php?rest_route=%2Fwp%2Fv2%2Fproduct_brand&post=577"},{"taxonomy":"product_cat","embeddable":true,"href":"https:\/\/sheilamanicure.com\/index.php?rest_route=%2Fwp%2Fv2%2Fproduct_cat&post=577"},{"taxonomy":"product_tag","embeddable":true,"href":"https:\/\/sheilamanicure.com\/index.php?rest_route=%2Fwp%2Fv2%2Fproduct_tag&post=577"}],"curies":[{"name":"wp","href":"https:\/\/api.w.org\/{rel}","templated":true}]}}