{"id":3675,"date":"2026-03-25T10:35:05","date_gmt":"2026-03-25T09:35:05","guid":{"rendered":"https:\/\/sheilamanicure.com\/?product=mini-box-luna-moon"},"modified":"2026-03-25T10:35:08","modified_gmt":"2026-03-25T09:35:08","slug":"mini-box-luna-moon","status":"publish","type":"product","link":"https:\/\/sheilamanicure.com\/?product=mini-box-luna-moon","title":{"rendered":"Mini box luna moon"},"content":{"rendered":"","protected":false},"excerpt":{"rendered":"<p>La Luna Mini Box es una cajita pensada para enamorar \ud83d\udc85\u2728<\/p>\n<p>Perfecta para regalar, iniciarte en el mundo de las u\u00f1as o darte un capricho con una selecci\u00f3n de productos b\u00e1sicos y bonitos para crear manicuras preciosas desde casa.<\/p>\n<p>Una mini box pr\u00e1ctica, completa y con un dise\u00f1o irresistible, ideal para disfrutar de una experiencia nail s\u00faper especial.<\/p>\n<p>\u00bfQu\u00e9 incluye?<\/p>\n<p>1 Builder Gel<\/p>\n<p>2 colores<\/p>\n<p>1 Light Acrygel<\/p>\n<p>1 Cover Base<\/p>\n<p>1 Sweet Base<\/p>\n<p>1 Rubber Base<\/p>\n<p>1 Top Non Wipe<\/p>\n<p>1 pincel<\/p>\n<p>Ideal para:<\/p>\n<p>Regalar \ud83c\udf81<\/p>\n<p>Iniciarte en manicura<\/p>\n<p>Tener b\u00e1sicos imprescindibles<\/p>\n<p>Crear dise\u00f1os bonitos y creativos<\/p>\n","protected":false},"featured_media":3673,"comment_status":"open","ping_status":"closed","template":"","meta":{"om_disable_all_campaigns":false,"_monsterinsights_skip_tracking":false,"_monsterinsights_sitenote_active":false,"_monsterinsights_sitenote_note":"","_monsterinsights_sitenote_category":0},"product_brand":[],"product_cat":[42],"product_tag":[],"class_list":{"0":"post-3675","1":"product","2":"type-product","3":"status-publish","4":"has-post-thumbnail","6":"product_cat-kits","8":"first","9":"instock","10":"sale","11":"taxable","12":"shipping-taxable","13":"purchasable","14":"product-type-simple"},"aioseo_notices":[],"jetpack_likes_enabled":true,"jetpack_sharing_enabled":true,"_links":{"self":[{"href":"https:\/\/sheilamanicure.com\/index.php?rest_route=\/wp\/v2\/product\/3675"}],"collection":[{"href":"https:\/\/sheilamanicure.com\/index.php?rest_route=\/wp\/v2\/product"}],"about":[{"href":"https:\/\/sheilamanicure.com\/index.php?rest_route=\/wp\/v2\/types\/product"}],"replies":[{"embeddable":true,"href":"https:\/\/sheilamanicure.com\/index.php?rest_route=%2Fwp%2Fv2%2Fcomments&post=3675"}],"wp:featuredmedia":[{"embeddable":true,"href":"https:\/\/sheilamanicure.com\/index.php?rest_route=\/wp\/v2\/media\/3673"}],"wp:attachment":[{"href":"https:\/\/sheilamanicure.com\/index.php?rest_route=%2Fwp%2Fv2%2Fmedia&parent=3675"}],"wp:term":[{"taxonomy":"product_brand","embeddable":true,"href":"https:\/\/sheilamanicure.com\/index.php?rest_route=%2Fwp%2Fv2%2Fproduct_brand&post=3675"},{"taxonomy":"product_cat","embeddable":true,"href":"https:\/\/sheilamanicure.com\/index.php?rest_route=%2Fwp%2Fv2%2Fproduct_cat&post=3675"},{"taxonomy":"product_tag","embeddable":true,"href":"https:\/\/sheilamanicure.com\/index.php?rest_route=%2Fwp%2Fv2%2Fproduct_tag&post=3675"}],"curies":[{"name":"wp","href":"https:\/\/api.w.org\/{rel}","templated":true}]}}