{"id":3596,"date":"2026-02-23T11:46:48","date_gmt":"2026-02-23T10:46:48","guid":{"rendered":"https:\/\/sheilamanicure.com\/?product=toallitas-perforadas-sin-pelusa-expert-400-uds"},"modified":"2026-03-26T19:52:31","modified_gmt":"2026-03-26T18:52:31","slug":"toallitas-perforadas-sin-pelusa-expert-400-uds","status":"publish","type":"product","link":"https:\/\/sheilamanicure.com\/?product=toallitas-perforadas-sin-pelusa-expert-400-uds","title":{"rendered":"Toallitas Perforadas Sin Pelusa EXPERT (400 Uds.)"},"content":{"rendered":"<p><span style=\"font-family: Montserrat;font-size: 12px;font-style: normal;font-weight: 400;letter-spacing: 0.24px;text-align: start;text-indent: 0px;text-transform: none;text-decoration: none;display: inline !important;float: none\">Las toallitas perforadas sin pelusa EXPERT eliminan cuidadosamente la capa pegajosa del esmalte de gel, acr\u00edlico y biogel. Tambi\u00e9n son ideales para desengrasar placas de u\u00f1as naturales y artificiales sin dejar pelusa. Se utilizan con fines profesionales al realizar manicuras y pedicuras y para limpiar el gel y el acr\u00edlico de los pinceles.<\/span><\/p>\n<p><span style=\"font-family: Montserrat;font-size: 12px;font-style: normal;font-weight: 400;letter-spacing: 0.24px;text-align: start;text-indent: 0px;text-transform: none;text-decoration: none;display: inline !important;float: none\">Caracter\u00edsticas:<\/span><\/p>\n<p><span style=\"font-family: Montserrat;font-size: 12px;font-style: normal;font-weight: 400;letter-spacing: 0.24px;text-align: start;text-indent: 0px;text-transform: none;text-decoration: none;display: inline !important;float: none\">&#8211; Material: spunbond.<\/span><br \/>\n<span style=\"font-family: Montserrat;font-size: 12px;font-style: normal;font-weight: 400;letter-spacing: 0.24px;text-align: start;text-indent: 0px;text-transform: none;text-decoration: none;display: inline !important;float: none\">&#8211; 400 unidades por paquete.<\/span><br \/>\n<span style=\"font-family: Montserrat;font-size: 12px;font-style: normal;font-weight: 400;letter-spacing: 0.24px;text-align: start;text-indent: 0px;text-transform: none;text-decoration: none;display: inline !important;float: none\">&#8211; Tama\u00f1o de la servilleta: 4,5*4,5 cm.<\/span><br \/>\n<span style=\"font-family: Montserrat;font-size: 12px;font-style: normal;font-weight: 400;letter-spacing: 0.24px;text-align: start;text-indent: 0px;text-transform: none;text-decoration: none;display: inline !important;float: none\">&#8211; Perforada, rosa.<\/span><br \/>\n<span style=\"font-family: Montserrat;font-size: 12px;font-style: normal;font-weight: 400;letter-spacing: 0.24px;text-align: start;text-indent: 0px;text-transform: none;text-decoration: none;display: inline !important;float: none\">&#8211; Tama\u00f1o del paquete: 5,2 cm * 19,2 cm.<\/span><\/p>\n<p><span style=\"font-family: Montserrat;font-size: 12px;font-style: normal;font-weight: 400;letter-spacing: 0.24px;text-align: start;text-indent: 0px;text-transform: none;text-decoration: none;display: inline !important;float: none\">Caracter\u00edsticas principales:<\/span><\/p>\n<p><span style=\"font-family: Montserrat;font-size: 12px;font-style: normal;font-weight: 400;letter-spacing: 0.24px;text-align: start;text-indent: 0px;text-transform: none;text-decoration: none;display: inline !important;float: none\">&#8211; 100% sin pelusa.<\/span><br \/>\n<span style=\"font-family: Montserrat;font-size: 12px;font-style: normal;font-weight: 400;letter-spacing: 0.24px;text-align: start;text-indent: 0px;text-transform: none;text-decoration: none;display: inline !important;float: none\">&#8211; Para uso profesional en manicuras y pedicuras.<\/span><br \/>\n<span style=\"font-family: Montserrat;font-size: 12px;font-style: normal;font-weight: 400;letter-spacing: 0.24px;text-align: start;text-indent: 0px;text-transform: none;text-decoration: none;display: inline !important;float: none\">&#8211; Suave al tacto.<\/span><br \/>\n<span style=\"font-family: Montserrat;font-size: 12px;font-style: normal;font-weight: 400;letter-spacing: 0.24px;text-align: start;text-indent: 0px;text-transform: none;text-decoration: none;display: inline !important;float: none\">&#8211; Alto nivel de absorci\u00f3n de la humedad del material.<\/span><br \/>\n<span style=\"font-family: Montserrat;font-size: 12px;font-style: normal;font-weight: 400;letter-spacing: 0.24px;text-align: start;text-indent: 0px;text-transform: none;text-decoration: none;display: inline !important;float: none\">&#8211; Para limpiar la placa de la u\u00f1a, retire el esmalte y la capa pegajosa.<\/span><br \/>\n<span style=\"font-family: Montserrat;font-size: 12px;font-style: normal;font-weight: 400;letter-spacing: 0.24px;text-align: start;text-indent: 0px;text-transform: none;text-decoration: none;display: inline !important;float: none\">&#8211; Para un solo uso.<\/span><br \/>\n<span style=\"font-family: Montserrat;font-size: 12px;font-style: normal;font-weight: 400;letter-spacing: 0.24px;text-align: start;text-indent: 0px;text-transform: none;text-decoration: none;display: inline !important;float: none\">&#8211; Completamente higi\u00e9nico.<\/span><\/p>\n","protected":false},"excerpt":{"rendered":"<p>Las toallitas perforadas sin pelusa EXPERT eliminan cuidadosamente la capa pegajosa del esmalte de gel, acr\u00edlico y biogel. Tambi\u00e9n son ideales para desengrasar placas de u\u00f1as naturales y artificiales sin dejar pelusa. Se utilizan con fines profesionales al realizar manicuras y pedicuras y para limpiar el gel y el acr\u00edlico de los pinceles. Caracter\u00edsticas: &#8211; [&hellip;]<\/p>\n","protected":false},"featured_media":3595,"comment_status":"open","ping_status":"closed","template":"","meta":{"om_disable_all_campaigns":false,"_monsterinsights_skip_tracking":false,"_monsterinsights_sitenote_active":false,"_monsterinsights_sitenote_note":"","_monsterinsights_sitenote_category":0},"product_brand":[],"product_cat":[23],"product_tag":[],"class_list":{"0":"post-3596","1":"product","2":"type-product","3":"status-publish","4":"has-post-thumbnail","6":"product_cat-staleks","8":"first","9":"instock","10":"taxable","11":"shipping-taxable","12":"purchasable","13":"product-type-simple"},"aioseo_notices":[],"jetpack_likes_enabled":true,"jetpack_sharing_enabled":true,"_links":{"self":[{"href":"https:\/\/sheilamanicure.com\/index.php?rest_route=\/wp\/v2\/product\/3596"}],"collection":[{"href":"https:\/\/sheilamanicure.com\/index.php?rest_route=\/wp\/v2\/product"}],"about":[{"href":"https:\/\/sheilamanicure.com\/index.php?rest_route=\/wp\/v2\/types\/product"}],"replies":[{"embeddable":true,"href":"https:\/\/sheilamanicure.com\/index.php?rest_route=%2Fwp%2Fv2%2Fcomments&post=3596"}],"wp:featuredmedia":[{"embeddable":true,"href":"https:\/\/sheilamanicure.com\/index.php?rest_route=\/wp\/v2\/media\/3595"}],"wp:attachment":[{"href":"https:\/\/sheilamanicure.com\/index.php?rest_route=%2Fwp%2Fv2%2Fmedia&parent=3596"}],"wp:term":[{"taxonomy":"product_brand","embeddable":true,"href":"https:\/\/sheilamanicure.com\/index.php?rest_route=%2Fwp%2Fv2%2Fproduct_brand&post=3596"},{"taxonomy":"product_cat","embeddable":true,"href":"https:\/\/sheilamanicure.com\/index.php?rest_route=%2Fwp%2Fv2%2Fproduct_cat&post=3596"},{"taxonomy":"product_tag","embeddable":true,"href":"https:\/\/sheilamanicure.com\/index.php?rest_route=%2Fwp%2Fv2%2Fproduct_tag&post=3596"}],"curies":[{"name":"wp","href":"https:\/\/api.w.org\/{rel}","templated":true}]}}