{"id":3217,"date":"2025-11-12T01:51:33","date_gmt":"2025-11-12T00:51:33","guid":{"rendered":"https:\/\/sheilamanicure.com\/?product=base-market-5ml"},"modified":"2026-01-27T11:01:55","modified_gmt":"2026-01-27T10:01:55","slug":"base-market-5ml","status":"publish","type":"product","link":"https:\/\/sheilamanicure.com\/?product=base-market-5ml","title":{"rendered":"Base market 5ml"},"content":{"rendered":"","protected":false},"excerpt":{"rendered":"<p>Base Marker \u2013 Luna<\/p>\n<p>La Rubber Base en formato rotulador, dise\u00f1ada para una aplicaci\u00f3n m\u00e1s r\u00e1pida, precisa y limpia. Su f\u00f3rmula m\u00e1s fluida garantiza una nivelaci\u00f3n perfecta y adherencia profesional. \ud83d\udca7 Formato marcador \u2013 UV\/LED \u2013 Soak-Off.<\/p>\n<p>5ml<\/p>\n","protected":false},"featured_media":3213,"comment_status":"open","ping_status":"closed","template":"","meta":{"om_disable_all_campaigns":false,"_monsterinsights_skip_tracking":false,"_monsterinsights_sitenote_active":false,"_monsterinsights_sitenote_note":"","_monsterinsights_sitenote_category":0},"product_brand":[],"product_cat":[22],"product_tag":[],"class_list":{"0":"post-3217","1":"product","2":"type-product","3":"status-publish","4":"has-post-thumbnail","6":"product_cat-bases-y-tops","8":"first","9":"instock","10":"taxable","11":"shipping-taxable","12":"purchasable","13":"product-type-simple"},"aioseo_notices":[],"jetpack_likes_enabled":true,"jetpack_sharing_enabled":true,"_links":{"self":[{"href":"https:\/\/sheilamanicure.com\/index.php?rest_route=\/wp\/v2\/product\/3217"}],"collection":[{"href":"https:\/\/sheilamanicure.com\/index.php?rest_route=\/wp\/v2\/product"}],"about":[{"href":"https:\/\/sheilamanicure.com\/index.php?rest_route=\/wp\/v2\/types\/product"}],"replies":[{"embeddable":true,"href":"https:\/\/sheilamanicure.com\/index.php?rest_route=%2Fwp%2Fv2%2Fcomments&post=3217"}],"wp:featuredmedia":[{"embeddable":true,"href":"https:\/\/sheilamanicure.com\/index.php?rest_route=\/wp\/v2\/media\/3213"}],"wp:attachment":[{"href":"https:\/\/sheilamanicure.com\/index.php?rest_route=%2Fwp%2Fv2%2Fmedia&parent=3217"}],"wp:term":[{"taxonomy":"product_brand","embeddable":true,"href":"https:\/\/sheilamanicure.com\/index.php?rest_route=%2Fwp%2Fv2%2Fproduct_brand&post=3217"},{"taxonomy":"product_cat","embeddable":true,"href":"https:\/\/sheilamanicure.com\/index.php?rest_route=%2Fwp%2Fv2%2Fproduct_cat&post=3217"},{"taxonomy":"product_tag","embeddable":true,"href":"https:\/\/sheilamanicure.com\/index.php?rest_route=%2Fwp%2Fv2%2Fproduct_tag&post=3217"}],"curies":[{"name":"wp","href":"https:\/\/api.w.org\/{rel}","templated":true}]}}