{"id":3206,"date":"2025-11-12T01:42:13","date_gmt":"2025-11-12T00:42:13","guid":{"rendered":"https:\/\/sheilamanicure.com\/?product=acid-free-base-lunamoon-13ml"},"modified":"2025-11-20T13:41:02","modified_gmt":"2025-11-20T12:41:02","slug":"acid-free-base-lunamoon-13ml","status":"publish","type":"product","link":"https:\/\/sheilamanicure.com\/?product=acid-free-base-lunamoon-13ml","title":{"rendered":"Acid free base LunaMoon 13ml"},"content":{"rendered":"","protected":false},"excerpt":{"rendered":"<p>\ud83d\udc97 Acid Free Base \u2013 Luna<\/p>\n<p>Base sin \u00e1cido, ideal para proteger la u\u00f1a natural y asegurar una excelente adherencia del producto. F\u00f3rmula flexible, resistente y compatible con gel, polygel y semipermanente. \ud83d\udca7 13 ml \u2013 UV\/LED \u2013 Soak-Off.<\/p>\n","protected":false},"featured_media":3205,"comment_status":"open","ping_status":"closed","template":"","meta":{"om_disable_all_campaigns":false,"_monsterinsights_skip_tracking":false,"_monsterinsights_sitenote_active":false,"_monsterinsights_sitenote_note":"","_monsterinsights_sitenote_category":0},"product_brand":[],"product_cat":[22],"product_tag":[],"class_list":{"0":"post-3206","1":"product","2":"type-product","3":"status-publish","4":"has-post-thumbnail","6":"product_cat-bases-y-tops","8":"first","9":"instock","10":"taxable","11":"shipping-taxable","12":"purchasable","13":"product-type-simple"},"aioseo_notices":[],"jetpack_likes_enabled":true,"jetpack_sharing_enabled":true,"_links":{"self":[{"href":"https:\/\/sheilamanicure.com\/index.php?rest_route=\/wp\/v2\/product\/3206"}],"collection":[{"href":"https:\/\/sheilamanicure.com\/index.php?rest_route=\/wp\/v2\/product"}],"about":[{"href":"https:\/\/sheilamanicure.com\/index.php?rest_route=\/wp\/v2\/types\/product"}],"replies":[{"embeddable":true,"href":"https:\/\/sheilamanicure.com\/index.php?rest_route=%2Fwp%2Fv2%2Fcomments&post=3206"}],"wp:featuredmedia":[{"embeddable":true,"href":"https:\/\/sheilamanicure.com\/index.php?rest_route=\/wp\/v2\/media\/3205"}],"wp:attachment":[{"href":"https:\/\/sheilamanicure.com\/index.php?rest_route=%2Fwp%2Fv2%2Fmedia&parent=3206"}],"wp:term":[{"taxonomy":"product_brand","embeddable":true,"href":"https:\/\/sheilamanicure.com\/index.php?rest_route=%2Fwp%2Fv2%2Fproduct_brand&post=3206"},{"taxonomy":"product_cat","embeddable":true,"href":"https:\/\/sheilamanicure.com\/index.php?rest_route=%2Fwp%2Fv2%2Fproduct_cat&post=3206"},{"taxonomy":"product_tag","embeddable":true,"href":"https:\/\/sheilamanicure.com\/index.php?rest_route=%2Fwp%2Fv2%2Fproduct_tag&post=3206"}],"curies":[{"name":"wp","href":"https:\/\/api.w.org\/{rel}","templated":true}]}}