{"id":3139,"date":"2025-11-11T23:31:55","date_gmt":"2025-11-11T22:31:55","guid":{"rendered":"https:\/\/sheilamanicure.com\/?product=%f0%9f%8c%99-lunamoon-light-acrygel-n01"},"modified":"2026-03-27T15:10:36","modified_gmt":"2026-03-27T14:10:36","slug":"%f0%9f%8c%99-lunamoon-light-acrygel-n01","status":"publish","type":"product","link":"https:\/\/sheilamanicure.com\/?product=%f0%9f%8c%99-lunamoon-light-acrygel-n01","title":{"rendered":"LunaMoon Light Acrygel \u2013 N01- 13ml"},"content":{"rendered":"","protected":false},"excerpt":{"rendered":"<p>Gel constructor l\u00edquido (Liquid Builder Gel) ideal para reforzar, construir y nivelar la u\u00f1a natural con un acabado ligero y natural. Su textura fluida tipo acrygel combina la resistencia del acr\u00edlico con la flexibilidad del gel, permitiendo una aplicaci\u00f3n precisa y r\u00e1pida con brocha.<\/p>\n<p>\u2728 Caracter\u00edsticas:<\/p>\n<p>F\u00f3rmula innovadora ligera y autonivelante.<\/p>\n<p>Ideal para refuerzo de u\u00f1a natural o extensiones finas.<\/p>\n<p>Textura fluida, sin burbujas y f\u00e1cil de trabajar.<\/p>\n<p>Alta adherencia y durabilidad sin levantamientos.<\/p>\n<p>Compatible con l\u00e1mparas UV\/LED.<\/p>\n<p>Acabado cristalino y natural.<\/p>\n<p>\ud83d\udd52 Tiempo de curado:<\/p>\n<p>LED: 60 segundos<\/p>\n<p>UV: 120 segundos<\/p>\n<p>\ud83d\udce6 Contenido: 13 ml<\/p>\n<p>\ud83d\udca7 Tipo: Liquid Builder Gel \u2013 Soak-Off<\/p>\n","protected":false},"featured_media":3138,"comment_status":"open","ping_status":"closed","template":"","meta":{"om_disable_all_campaigns":false,"_monsterinsights_skip_tracking":false,"_monsterinsights_sitenote_active":false,"_monsterinsights_sitenote_note":"","_monsterinsights_sitenote_category":0},"product_brand":[],"product_cat":[22,34,43,28],"product_tag":[],"class_list":{"0":"post-3139","1":"product","2":"type-product","3":"status-publish","4":"has-post-thumbnail","6":"product_cat-bases-y-tops","7":"product_cat-gel","8":"product_cat-ofertas","9":"product_cat-poly-gel","11":"first","12":"instock","13":"sale","14":"taxable","15":"shipping-taxable","16":"purchasable","17":"product-type-simple"},"aioseo_notices":[],"jetpack_likes_enabled":true,"jetpack_sharing_enabled":true,"_links":{"self":[{"href":"https:\/\/sheilamanicure.com\/index.php?rest_route=\/wp\/v2\/product\/3139"}],"collection":[{"href":"https:\/\/sheilamanicure.com\/index.php?rest_route=\/wp\/v2\/product"}],"about":[{"href":"https:\/\/sheilamanicure.com\/index.php?rest_route=\/wp\/v2\/types\/product"}],"replies":[{"embeddable":true,"href":"https:\/\/sheilamanicure.com\/index.php?rest_route=%2Fwp%2Fv2%2Fcomments&post=3139"}],"wp:featuredmedia":[{"embeddable":true,"href":"https:\/\/sheilamanicure.com\/index.php?rest_route=\/wp\/v2\/media\/3138"}],"wp:attachment":[{"href":"https:\/\/sheilamanicure.com\/index.php?rest_route=%2Fwp%2Fv2%2Fmedia&parent=3139"}],"wp:term":[{"taxonomy":"product_brand","embeddable":true,"href":"https:\/\/sheilamanicure.com\/index.php?rest_route=%2Fwp%2Fv2%2Fproduct_brand&post=3139"},{"taxonomy":"product_cat","embeddable":true,"href":"https:\/\/sheilamanicure.com\/index.php?rest_route=%2Fwp%2Fv2%2Fproduct_cat&post=3139"},{"taxonomy":"product_tag","embeddable":true,"href":"https:\/\/sheilamanicure.com\/index.php?rest_route=%2Fwp%2Fv2%2Fproduct_tag&post=3139"}],"curies":[{"name":"wp","href":"https:\/\/api.w.org\/{rel}","templated":true}]}}