{"id":3135,"date":"2025-11-11T17:29:51","date_gmt":"2025-11-11T16:29:51","guid":{"rendered":"https:\/\/sheilamanicure.com\/?product=fiber-fix-gel-15ml"},"modified":"2026-03-31T12:01:08","modified_gmt":"2026-03-31T10:01:08","slug":"fiber-fix-gel-15ml","status":"publish","type":"product","link":"https:\/\/sheilamanicure.com\/?product=fiber-fix-gel-15ml","title":{"rendered":"FIBER FIX GEL 15ml"},"content":{"rendered":"","protected":false},"excerpt":{"rendered":"<p>Gel con fibras de vidrio integradas dise\u00f1ado para aportar m\u00e1xima resistencia y durabilidad a las u\u00f1as naturales o construidas. Su f\u00f3rmula avanzada soak-off combina la ligereza de un gel constructor con la fortaleza de las fibras, ideal para refuerzos, peque\u00f1as extensiones o u\u00f1as finas y quebradizas.<\/p>\n<p>\u2728 Caracter\u00edsticas:<\/p>\n<p>Contiene fibras de vidrio que refuerzan la estructura natural.<\/p>\n<p>Textura autonivelante y f\u00e1cil de trabajar.<\/p>\n<p>Ideal para refuerzo, reparaci\u00f3n o extensi\u00f3n corta.<\/p>\n<p>Compatible con l\u00e1mparas UV\/LED.<\/p>\n<p>Acabado natural, brillante y sin amarillear.<\/p>\n<p>Disponible en formato 15 g y 30 g.<\/p>\n<p>\ud83d\udd52 Tiempo de curado:<\/p>\n<p>LED: 60 segundos<\/p>\n<p>UV: 120 segundos<\/p>\n<p>\ud83d\udce6 Removible (Soak-Off)<\/p>\n","protected":false},"featured_media":3134,"comment_status":"open","ping_status":"closed","template":"","meta":{"om_disable_all_campaigns":false,"_monsterinsights_skip_tracking":false,"_monsterinsights_sitenote_active":false,"_monsterinsights_sitenote_note":"","_monsterinsights_sitenote_category":0},"product_brand":[],"product_cat":[34],"product_tag":[],"class_list":{"0":"post-3135","1":"product","2":"type-product","3":"status-publish","4":"has-post-thumbnail","6":"product_cat-gel","8":"first","9":"instock","10":"sale","11":"taxable","12":"shipping-taxable","13":"purchasable","14":"product-type-simple"},"aioseo_notices":[],"jetpack_likes_enabled":true,"jetpack_sharing_enabled":true,"_links":{"self":[{"href":"https:\/\/sheilamanicure.com\/index.php?rest_route=\/wp\/v2\/product\/3135"}],"collection":[{"href":"https:\/\/sheilamanicure.com\/index.php?rest_route=\/wp\/v2\/product"}],"about":[{"href":"https:\/\/sheilamanicure.com\/index.php?rest_route=\/wp\/v2\/types\/product"}],"replies":[{"embeddable":true,"href":"https:\/\/sheilamanicure.com\/index.php?rest_route=%2Fwp%2Fv2%2Fcomments&post=3135"}],"wp:featuredmedia":[{"embeddable":true,"href":"https:\/\/sheilamanicure.com\/index.php?rest_route=\/wp\/v2\/media\/3134"}],"wp:attachment":[{"href":"https:\/\/sheilamanicure.com\/index.php?rest_route=%2Fwp%2Fv2%2Fmedia&parent=3135"}],"wp:term":[{"taxonomy":"product_brand","embeddable":true,"href":"https:\/\/sheilamanicure.com\/index.php?rest_route=%2Fwp%2Fv2%2Fproduct_brand&post=3135"},{"taxonomy":"product_cat","embeddable":true,"href":"https:\/\/sheilamanicure.com\/index.php?rest_route=%2Fwp%2Fv2%2Fproduct_cat&post=3135"},{"taxonomy":"product_tag","embeddable":true,"href":"https:\/\/sheilamanicure.com\/index.php?rest_route=%2Fwp%2Fv2%2Fproduct_tag&post=3135"}],"curies":[{"name":"wp","href":"https:\/\/api.w.org\/{rel}","templated":true}]}}