{"id":3105,"date":"2025-11-11T16:32:17","date_gmt":"2025-11-11T15:32:17","guid":{"rendered":"https:\/\/sheilamanicure.com\/?product=luna-jelly-gelly-no1-transparente-gel-constructor-espeso-15ml"},"modified":"2025-11-12T10:31:50","modified_gmt":"2025-11-12T09:31:50","slug":"luna-jelly-gelly-no1-transparente-gel-constructor-espeso-15ml","status":"publish","type":"product","link":"https:\/\/sheilamanicure.com\/?product=luna-jelly-gelly-no1-transparente-gel-constructor-espeso-15ml","title":{"rendered":"Luna Jelly Gelly N\u00ba1 transparente  \u2013 Gel Constructor Espeso 15ml"},"content":{"rendered":"","protected":false},"excerpt":{"rendered":"<p>Gel constructor con textura gelatinosa que no se autonivela, ideal para trabajar con control total sin que se mueva del sitio. Perfecto para crear estructuras, encapsulados o refuerzos naturales.<\/p>\n<p>\ud83d\udca7 Cantidad: 15 ml<\/p>\n<p>\u2728 Modo de uso: Toma una peque\u00f1a cantidad con esp\u00e1tula, col\u00f3cala sobre la u\u00f1a y moldea con pincel humedecido en cleaner. Cura en l\u00e1mpara LED 60 s o UV 120 s.<\/p>\n","protected":false},"featured_media":3103,"comment_status":"open","ping_status":"closed","template":"","meta":{"om_disable_all_campaigns":false,"_monsterinsights_skip_tracking":false,"_monsterinsights_sitenote_active":false,"_monsterinsights_sitenote_note":"","_monsterinsights_sitenote_category":0},"product_brand":[],"product_cat":[34],"product_tag":[],"class_list":{"0":"post-3105","1":"product","2":"type-product","3":"status-publish","4":"has-post-thumbnail","6":"product_cat-gel","8":"first","9":"instock","10":"taxable","11":"shipping-taxable","12":"purchasable","13":"product-type-simple"},"aioseo_notices":[],"jetpack_likes_enabled":true,"jetpack_sharing_enabled":true,"_links":{"self":[{"href":"https:\/\/sheilamanicure.com\/index.php?rest_route=\/wp\/v2\/product\/3105"}],"collection":[{"href":"https:\/\/sheilamanicure.com\/index.php?rest_route=\/wp\/v2\/product"}],"about":[{"href":"https:\/\/sheilamanicure.com\/index.php?rest_route=\/wp\/v2\/types\/product"}],"replies":[{"embeddable":true,"href":"https:\/\/sheilamanicure.com\/index.php?rest_route=%2Fwp%2Fv2%2Fcomments&post=3105"}],"wp:featuredmedia":[{"embeddable":true,"href":"https:\/\/sheilamanicure.com\/index.php?rest_route=\/wp\/v2\/media\/3103"}],"wp:attachment":[{"href":"https:\/\/sheilamanicure.com\/index.php?rest_route=%2Fwp%2Fv2%2Fmedia&parent=3105"}],"wp:term":[{"taxonomy":"product_brand","embeddable":true,"href":"https:\/\/sheilamanicure.com\/index.php?rest_route=%2Fwp%2Fv2%2Fproduct_brand&post=3105"},{"taxonomy":"product_cat","embeddable":true,"href":"https:\/\/sheilamanicure.com\/index.php?rest_route=%2Fwp%2Fv2%2Fproduct_cat&post=3105"},{"taxonomy":"product_tag","embeddable":true,"href":"https:\/\/sheilamanicure.com\/index.php?rest_route=%2Fwp%2Fv2%2Fproduct_tag&post=3105"}],"curies":[{"name":"wp","href":"https:\/\/api.w.org\/{rel}","templated":true}]}}