{"id":3064,"date":"2025-11-10T15:58:55","date_gmt":"2025-11-10T14:58:55","guid":{"rendered":"https:\/\/sheilamanicure.com\/?product=gel-clear"},"modified":"2026-01-29T14:27:06","modified_gmt":"2026-01-29T13:27:06","slug":"gel-clear","status":"publish","type":"product","link":"https:\/\/sheilamanicure.com\/?product=gel-clear","title":{"rendered":"Gel clear 30ml"},"content":{"rendered":"<p>Gel, constructor transparente de alta, calidad y ideal para estructuras resistentes y flexibles con un acabado impecable.<\/p>\n<p>Su textura autonivelante facilita la aplicaci\u00f3n\ufffc permitiendo trabajar tanto con t\u00e9cnicas de extensi\u00f3n, como con un refuerzo para la u\u00f1a natural<\/p>\n<p>El bote contiene 30<\/p>\n<p>Perfecto, para nivelar, construir y en capsular<\/p>\n","protected":false},"excerpt":{"rendered":"<p>Gel, constructor transparente de alta, calidad y ideal para estructuras resistentes y flexibles con un acabado impecable. Su textura autonivelante facilita la aplicaci\u00f3n\ufffc permitiendo trabajar tanto con t\u00e9cnicas de extensi\u00f3n, como con un refuerzo para la u\u00f1a natural El bote contiene 30 Perfecto, para nivelar, construir y en capsular<\/p>\n","protected":false},"featured_media":3062,"comment_status":"open","ping_status":"closed","template":"","meta":{"om_disable_all_campaigns":false,"_monsterinsights_skip_tracking":false,"_monsterinsights_sitenote_active":false,"_monsterinsights_sitenote_note":"","_monsterinsights_sitenote_category":0},"product_brand":[],"product_cat":[34],"product_tag":[],"class_list":{"0":"post-3064","1":"product","2":"type-product","3":"status-publish","4":"has-post-thumbnail","6":"product_cat-gel","8":"first","9":"outofstock","10":"taxable","11":"shipping-taxable","12":"purchasable","13":"product-type-simple"},"aioseo_notices":[],"jetpack_likes_enabled":true,"jetpack_sharing_enabled":true,"_links":{"self":[{"href":"https:\/\/sheilamanicure.com\/index.php?rest_route=\/wp\/v2\/product\/3064"}],"collection":[{"href":"https:\/\/sheilamanicure.com\/index.php?rest_route=\/wp\/v2\/product"}],"about":[{"href":"https:\/\/sheilamanicure.com\/index.php?rest_route=\/wp\/v2\/types\/product"}],"replies":[{"embeddable":true,"href":"https:\/\/sheilamanicure.com\/index.php?rest_route=%2Fwp%2Fv2%2Fcomments&post=3064"}],"wp:featuredmedia":[{"embeddable":true,"href":"https:\/\/sheilamanicure.com\/index.php?rest_route=\/wp\/v2\/media\/3062"}],"wp:attachment":[{"href":"https:\/\/sheilamanicure.com\/index.php?rest_route=%2Fwp%2Fv2%2Fmedia&parent=3064"}],"wp:term":[{"taxonomy":"product_brand","embeddable":true,"href":"https:\/\/sheilamanicure.com\/index.php?rest_route=%2Fwp%2Fv2%2Fproduct_brand&post=3064"},{"taxonomy":"product_cat","embeddable":true,"href":"https:\/\/sheilamanicure.com\/index.php?rest_route=%2Fwp%2Fv2%2Fproduct_cat&post=3064"},{"taxonomy":"product_tag","embeddable":true,"href":"https:\/\/sheilamanicure.com\/index.php?rest_route=%2Fwp%2Fv2%2Fproduct_tag&post=3064"}],"curies":[{"name":"wp","href":"https:\/\/api.w.org\/{rel}","templated":true}]}}