{"id":3054,"date":"2025-11-04T02:32:45","date_gmt":"2025-11-04T01:32:45","guid":{"rendered":"https:\/\/sheilamanicure.com\/?product=gel-polish-red-wine-sm-15-ml"},"modified":"2026-02-23T12:21:43","modified_gmt":"2026-02-23T11:21:43","slug":"gel-polish-red-wine-sm-15-ml","status":"publish","type":"product","link":"https:\/\/sheilamanicure.com\/?product=gel-polish-red-wine-sm-15-ml","title":{"rendered":"Gel Polish Red Wine SM \u2014 15 ml"},"content":{"rendered":"","protected":false},"excerpt":{"rendered":"<p>Gel Polish Red Wine SM es un tono vino profundo, elegante y atemporal que aporta un toque de sofisticaci\u00f3n a cualquier look. Su f\u00f3rmula profesional ofrece alta pigmentaci\u00f3n, cobertura perfecta y un acabado ultra brillante y duradero.<\/p>\n<p>Modo de uso:<\/p>\n<p>1\ufe0f\u20e3 Aplica una capa de base y cura en l\u00e1mpara UV\/LED (60 seg).<\/p>\n<p>2\ufe0f\u20e3 Aplica una o dos capas del Gel Polish Red Wine, curando cada una (60 seg).<\/p>\n<p>3\ufe0f\u20e3 Finaliza con Top Coat y cura nuevamente.<\/p>\n<p>\ud83d\udc8e Color intenso y cobertura uniforme.<\/p>\n<p>\u2728 Brillo espejo y larga duraci\u00f3n.<\/p>\n<p>\ud83c\udf77 Ideal para looks elegantes, de noche o de temporada.<\/p>\n","protected":false},"featured_media":3053,"comment_status":"open","ping_status":"closed","template":"","meta":{"om_disable_all_campaigns":false,"_monsterinsights_skip_tracking":false,"_monsterinsights_sitenote_active":false,"_monsterinsights_sitenote_note":"","_monsterinsights_sitenote_category":0},"product_brand":[],"product_cat":[21],"product_tag":[33],"class_list":{"0":"post-3054","1":"product","2":"type-product","3":"status-publish","4":"has-post-thumbnail","6":"product_cat-esmaltes-semipermanentes","7":"product_tag-nuevo","9":"first","10":"instock","11":"taxable","12":"shipping-taxable","13":"purchasable","14":"product-type-simple"},"aioseo_notices":[],"jetpack_likes_enabled":true,"jetpack_sharing_enabled":true,"_links":{"self":[{"href":"https:\/\/sheilamanicure.com\/index.php?rest_route=\/wp\/v2\/product\/3054"}],"collection":[{"href":"https:\/\/sheilamanicure.com\/index.php?rest_route=\/wp\/v2\/product"}],"about":[{"href":"https:\/\/sheilamanicure.com\/index.php?rest_route=\/wp\/v2\/types\/product"}],"replies":[{"embeddable":true,"href":"https:\/\/sheilamanicure.com\/index.php?rest_route=%2Fwp%2Fv2%2Fcomments&post=3054"}],"wp:featuredmedia":[{"embeddable":true,"href":"https:\/\/sheilamanicure.com\/index.php?rest_route=\/wp\/v2\/media\/3053"}],"wp:attachment":[{"href":"https:\/\/sheilamanicure.com\/index.php?rest_route=%2Fwp%2Fv2%2Fmedia&parent=3054"}],"wp:term":[{"taxonomy":"product_brand","embeddable":true,"href":"https:\/\/sheilamanicure.com\/index.php?rest_route=%2Fwp%2Fv2%2Fproduct_brand&post=3054"},{"taxonomy":"product_cat","embeddable":true,"href":"https:\/\/sheilamanicure.com\/index.php?rest_route=%2Fwp%2Fv2%2Fproduct_cat&post=3054"},{"taxonomy":"product_tag","embeddable":true,"href":"https:\/\/sheilamanicure.com\/index.php?rest_route=%2Fwp%2Fv2%2Fproduct_tag&post=3054"}],"curies":[{"name":"wp","href":"https:\/\/api.w.org\/{rel}","templated":true}]}}