{"id":3051,"date":"2025-11-04T02:28:18","date_gmt":"2025-11-04T01:28:18","guid":{"rendered":"https:\/\/sheilamanicure.com\/?product=ojo-de-gato-marron"},"modified":"2025-11-04T02:28:21","modified_gmt":"2025-11-04T01:28:21","slug":"ojo-de-gato-marron","status":"publish","type":"product","link":"https:\/\/sheilamanicure.com\/?product=ojo-de-gato-marron","title":{"rendered":"Ojo de gato marr\u00f3n"},"content":{"rendered":"","protected":false},"excerpt":{"rendered":"<p>Gel Polish Ojo de Gato Marr\u00f3n SM ofrece un elegante efecto magn\u00e9tico con destellos c\u00e1lidos y profundidad \u00fanica. Su tono marr\u00f3n con reflejos met\u00e1licos crea un acabado sofisticado, ideal para manicuras elegantes y con car\u00e1cter.<\/p>\n<p>Modo de uso:<\/p>\n<p>1\ufe0f\u20e3 Aplica una capa de base y cura en l\u00e1mpara UV\/LED (60 seg).<\/p>\n<p>2\ufe0f\u20e3 Aplica una capa del Gel Polish Ojo de Gato Marr\u00f3n, sin curar.<\/p>\n<p>3\ufe0f\u20e3 Acerca el im\u00e1n para crear el efecto \u201cojo de gato\u201d y luego cura (60 seg).<\/p>\n<p>4\ufe0f\u20e3 Sella con Top Coat y cura nuevamente.<\/p>\n<p>\u2728 Efecto magn\u00e9tico profesional.<\/p>\n<p>\ud83d\udc8e Brillo duradero y acabado profundo.<\/p>\n<p>\ud83d\udd38 Perfecto para looks elegantes y oto\u00f1ales.<\/p>\n","protected":false},"featured_media":3050,"comment_status":"open","ping_status":"closed","template":"","meta":{"om_disable_all_campaigns":false,"_monsterinsights_skip_tracking":false,"_monsterinsights_sitenote_active":false,"_monsterinsights_sitenote_note":"","_monsterinsights_sitenote_category":0},"product_brand":[],"product_cat":[21],"product_tag":[33],"class_list":{"0":"post-3051","1":"product","2":"type-product","3":"status-publish","4":"has-post-thumbnail","6":"product_cat-esmaltes-semipermanentes","7":"product_tag-nuevo","9":"first","10":"instock","11":"taxable","12":"shipping-taxable","13":"purchasable","14":"product-type-simple"},"aioseo_notices":[],"jetpack_likes_enabled":true,"jetpack_sharing_enabled":true,"_links":{"self":[{"href":"https:\/\/sheilamanicure.com\/index.php?rest_route=\/wp\/v2\/product\/3051"}],"collection":[{"href":"https:\/\/sheilamanicure.com\/index.php?rest_route=\/wp\/v2\/product"}],"about":[{"href":"https:\/\/sheilamanicure.com\/index.php?rest_route=\/wp\/v2\/types\/product"}],"replies":[{"embeddable":true,"href":"https:\/\/sheilamanicure.com\/index.php?rest_route=%2Fwp%2Fv2%2Fcomments&post=3051"}],"wp:featuredmedia":[{"embeddable":true,"href":"https:\/\/sheilamanicure.com\/index.php?rest_route=\/wp\/v2\/media\/3050"}],"wp:attachment":[{"href":"https:\/\/sheilamanicure.com\/index.php?rest_route=%2Fwp%2Fv2%2Fmedia&parent=3051"}],"wp:term":[{"taxonomy":"product_brand","embeddable":true,"href":"https:\/\/sheilamanicure.com\/index.php?rest_route=%2Fwp%2Fv2%2Fproduct_brand&post=3051"},{"taxonomy":"product_cat","embeddable":true,"href":"https:\/\/sheilamanicure.com\/index.php?rest_route=%2Fwp%2Fv2%2Fproduct_cat&post=3051"},{"taxonomy":"product_tag","embeddable":true,"href":"https:\/\/sheilamanicure.com\/index.php?rest_route=%2Fwp%2Fv2%2Fproduct_tag&post=3051"}],"curies":[{"name":"wp","href":"https:\/\/api.w.org\/{rel}","templated":true}]}}