{"id":2943,"date":"2025-08-27T17:42:30","date_gmt":"2025-08-27T15:42:30","guid":{"rendered":"https:\/\/sheilamanicure.com\/?product=pink"},"modified":"2026-02-25T12:45:11","modified_gmt":"2026-02-25T11:45:11","slug":"pink","status":"publish","type":"product","link":"https:\/\/sheilamanicure.com\/?product=pink","title":{"rendered":"Pink"},"content":{"rendered":"","protected":false},"excerpt":{"rendered":"<p>Esmalte de 10ml<\/p>\n<p>alta pigmentaci\u00f3n y calidad<\/p>\n<p>Precauci\u00f3n: Evite la luz directa y exposici\u00f3n a la luz solar o l\u00e1mpara UV\/Led.<\/p>\n<p>S\u00f3lo para uso profesional UV GEL POLISH SOAK-OFF<\/p>\n","protected":false},"featured_media":2941,"comment_status":"open","ping_status":"closed","template":"","meta":{"om_disable_all_campaigns":false,"_monsterinsights_skip_tracking":false,"_monsterinsights_sitenote_active":false,"_monsterinsights_sitenote_note":"","_monsterinsights_sitenote_category":0},"product_brand":[],"product_cat":[21],"product_tag":[33],"class_list":{"0":"post-2943","1":"product","2":"type-product","3":"status-publish","4":"has-post-thumbnail","6":"product_cat-esmaltes-semipermanentes","7":"product_tag-nuevo","9":"first","10":"instock","11":"taxable","12":"shipping-taxable","13":"purchasable","14":"product-type-simple"},"aioseo_notices":[],"jetpack_likes_enabled":true,"jetpack_sharing_enabled":true,"_links":{"self":[{"href":"https:\/\/sheilamanicure.com\/index.php?rest_route=\/wp\/v2\/product\/2943"}],"collection":[{"href":"https:\/\/sheilamanicure.com\/index.php?rest_route=\/wp\/v2\/product"}],"about":[{"href":"https:\/\/sheilamanicure.com\/index.php?rest_route=\/wp\/v2\/types\/product"}],"replies":[{"embeddable":true,"href":"https:\/\/sheilamanicure.com\/index.php?rest_route=%2Fwp%2Fv2%2Fcomments&post=2943"}],"wp:featuredmedia":[{"embeddable":true,"href":"https:\/\/sheilamanicure.com\/index.php?rest_route=\/wp\/v2\/media\/2941"}],"wp:attachment":[{"href":"https:\/\/sheilamanicure.com\/index.php?rest_route=%2Fwp%2Fv2%2Fmedia&parent=2943"}],"wp:term":[{"taxonomy":"product_brand","embeddable":true,"href":"https:\/\/sheilamanicure.com\/index.php?rest_route=%2Fwp%2Fv2%2Fproduct_brand&post=2943"},{"taxonomy":"product_cat","embeddable":true,"href":"https:\/\/sheilamanicure.com\/index.php?rest_route=%2Fwp%2Fv2%2Fproduct_cat&post=2943"},{"taxonomy":"product_tag","embeddable":true,"href":"https:\/\/sheilamanicure.com\/index.php?rest_route=%2Fwp%2Fv2%2Fproduct_tag&post=2943"}],"curies":[{"name":"wp","href":"https:\/\/api.w.org\/{rel}","templated":true}]}}