{"id":2495,"date":"2025-05-16T01:14:30","date_gmt":"2025-05-15T23:14:30","guid":{"rendered":"https:\/\/sheilamanicure.com\/?post_type=product&#038;p=2495"},"modified":"2025-08-12T20:42:48","modified_gmt":"2025-08-12T18:42:48","slug":"formacion-online-del-rey-leon","status":"publish","type":"product","link":"https:\/\/sheilamanicure.com\/?product=formacion-online-del-rey-leon","title":{"rendered":"Formaci\u00f3n online del rey Le\u00f3n"},"content":{"rendered":"","protected":false},"excerpt":{"rendered":"<p>en esta formaci\u00f3n aprender\u00e1s desde cero a crear los bocetos paso a paso con descargables en PDF veremos los materiales esenciales para hacer cualquier tipo de dise\u00f1o<br \/>\npersonajes incluidos Zazu tim\u00f3n Pumba y Simba<\/p>\n<p>empezaremos viendo los bocetos, el esmaltado, Sombreado, delineado, y puntos de luz<\/p>\n<p>&nbsp;<\/p>\n<p>Tendr\u00e1s tres meses de acceso<\/p>\n<p>certificado al final de la formaci\u00f3n<\/p>\n","protected":false},"featured_media":2532,"comment_status":"open","ping_status":"closed","template":"","meta":{"om_disable_all_campaigns":false,"_monsterinsights_skip_tracking":false,"_monsterinsights_sitenote_active":false,"_monsterinsights_sitenote_note":"","_monsterinsights_sitenote_category":0},"product_brand":[],"product_cat":[35],"product_tag":[],"class_list":{"0":"post-2495","1":"product","2":"type-product","3":"status-publish","4":"has-post-thumbnail","6":"product_cat-formacion","8":"first","9":"instock","10":"taxable","11":"shipping-taxable","12":"purchasable","13":"product-type-simple"},"aioseo_notices":[],"jetpack_likes_enabled":true,"jetpack_sharing_enabled":true,"_links":{"self":[{"href":"https:\/\/sheilamanicure.com\/index.php?rest_route=\/wp\/v2\/product\/2495"}],"collection":[{"href":"https:\/\/sheilamanicure.com\/index.php?rest_route=\/wp\/v2\/product"}],"about":[{"href":"https:\/\/sheilamanicure.com\/index.php?rest_route=\/wp\/v2\/types\/product"}],"replies":[{"embeddable":true,"href":"https:\/\/sheilamanicure.com\/index.php?rest_route=%2Fwp%2Fv2%2Fcomments&post=2495"}],"wp:featuredmedia":[{"embeddable":true,"href":"https:\/\/sheilamanicure.com\/index.php?rest_route=\/wp\/v2\/media\/2532"}],"wp:attachment":[{"href":"https:\/\/sheilamanicure.com\/index.php?rest_route=%2Fwp%2Fv2%2Fmedia&parent=2495"}],"wp:term":[{"taxonomy":"product_brand","embeddable":true,"href":"https:\/\/sheilamanicure.com\/index.php?rest_route=%2Fwp%2Fv2%2Fproduct_brand&post=2495"},{"taxonomy":"product_cat","embeddable":true,"href":"https:\/\/sheilamanicure.com\/index.php?rest_route=%2Fwp%2Fv2%2Fproduct_cat&post=2495"},{"taxonomy":"product_tag","embeddable":true,"href":"https:\/\/sheilamanicure.com\/index.php?rest_route=%2Fwp%2Fv2%2Fproduct_tag&post=2495"}],"curies":[{"name":"wp","href":"https:\/\/api.w.org\/{rel}","templated":true}]}}