{"id":2408,"date":"2025-04-07T12:05:13","date_gmt":"2025-04-07T10:05:13","guid":{"rendered":"https:\/\/sheilamanicure.com\/?post_type=product&#038;p=2408"},"modified":"2025-08-12T20:41:25","modified_gmt":"2025-08-12T18:41:25","slug":"formacion-iniciacion-online","status":"publish","type":"product","link":"https:\/\/sheilamanicure.com\/?product=formacion-iniciacion-online","title":{"rendered":"Formaci\u00f3n online Mickey y sus amigos"},"content":{"rendered":"","protected":false},"excerpt":{"rendered":"<p>Aprender\u00e1s desde cero los personajes m\u00e1s divertidos los de siempre como Pluto Mickey, Minnie , Pato Donald Daisy y Goofy<\/p>\n<p>ver\u00e1s desde materiales utilizados de cada dise\u00f1o descargables en PDF c\u00f3mo realizar los bocetos el esmaltado, los sombreados delineados puntos de luz, correcciones de errores y much\u00edsimo m\u00e1s<\/p>\n","protected":false},"featured_media":2533,"comment_status":"open","ping_status":"closed","template":"","meta":{"om_disable_all_campaigns":false,"_monsterinsights_skip_tracking":false,"_monsterinsights_sitenote_active":false,"_monsterinsights_sitenote_note":"","_monsterinsights_sitenote_category":0},"product_brand":[],"product_cat":[35],"product_tag":[],"class_list":{"0":"post-2408","1":"product","2":"type-product","3":"status-publish","4":"has-post-thumbnail","6":"product_cat-formacion","8":"first","9":"instock","10":"taxable","11":"shipping-taxable","12":"purchasable","13":"product-type-simple"},"aioseo_notices":[],"jetpack_likes_enabled":true,"jetpack_sharing_enabled":true,"_links":{"self":[{"href":"https:\/\/sheilamanicure.com\/index.php?rest_route=\/wp\/v2\/product\/2408"}],"collection":[{"href":"https:\/\/sheilamanicure.com\/index.php?rest_route=\/wp\/v2\/product"}],"about":[{"href":"https:\/\/sheilamanicure.com\/index.php?rest_route=\/wp\/v2\/types\/product"}],"replies":[{"embeddable":true,"href":"https:\/\/sheilamanicure.com\/index.php?rest_route=%2Fwp%2Fv2%2Fcomments&post=2408"}],"wp:featuredmedia":[{"embeddable":true,"href":"https:\/\/sheilamanicure.com\/index.php?rest_route=\/wp\/v2\/media\/2533"}],"wp:attachment":[{"href":"https:\/\/sheilamanicure.com\/index.php?rest_route=%2Fwp%2Fv2%2Fmedia&parent=2408"}],"wp:term":[{"taxonomy":"product_brand","embeddable":true,"href":"https:\/\/sheilamanicure.com\/index.php?rest_route=%2Fwp%2Fv2%2Fproduct_brand&post=2408"},{"taxonomy":"product_cat","embeddable":true,"href":"https:\/\/sheilamanicure.com\/index.php?rest_route=%2Fwp%2Fv2%2Fproduct_cat&post=2408"},{"taxonomy":"product_tag","embeddable":true,"href":"https:\/\/sheilamanicure.com\/index.php?rest_route=%2Fwp%2Fv2%2Fproduct_tag&post=2408"}],"curies":[{"name":"wp","href":"https:\/\/api.w.org\/{rel}","templated":true}]}}