{"id":2150,"date":"2024-09-09T22:48:59","date_gmt":"2024-09-09T20:48:59","guid":{"rendered":"https:\/\/sheilamanicure.com\/?post_type=product&#038;p=2150"},"modified":"2026-01-16T21:31:44","modified_gmt":"2026-01-16T20:31:44","slug":"torno-profesional-de-unas","status":"publish","type":"product","link":"https:\/\/sheilamanicure.com\/?product=torno-profesional-de-unas","title":{"rendered":"Torno profesional de u\u00f1as"},"content":{"rendered":"","protected":false},"excerpt":{"rendered":"<h2>Torno Champion 3 Modelo 2019 con mango de pl\u00e1stico SH20N &#8211; Fabricante Marathon<\/h2>\n<div>\n<p><strong>Torno Sh20N Champion 3<\/strong> es un torno compacto y manejable, de alta calidad recomendado para uso profesional diario. Con su mango de pl\u00e1stico, es adecuado para largas sesiones de trabajo, gracias a la presencia de una toma de aire que permite una mayor disipaci\u00f3n del calor.<\/p>\n<p>Micromotor con velocidad regulable hasta 30.000 rpm, produce muy pocas vibraciones. Rotaci\u00f3n en sentido horario y antihorario.<\/p>\n<p>Gracias a sus baj\u00edsimas vibraciones es ideal para el trabajo de manicuras y pedicuras realizadas en cualquier t\u00e9cnica: gel UV, acr\u00edlico, polygel o esmalte semipermanente y tambi\u00e9n Dry manicure.<\/p>\n<\/div>\n","protected":false},"featured_media":2151,"comment_status":"open","ping_status":"closed","template":"","meta":{"om_disable_all_campaigns":false,"_monsterinsights_skip_tracking":false,"_monsterinsights_sitenote_active":false,"_monsterinsights_sitenote_note":"","_monsterinsights_sitenote_category":0},"product_brand":[],"product_cat":[23],"product_tag":[],"class_list":{"0":"post-2150","1":"product","2":"type-product","3":"status-publish","4":"has-post-thumbnail","6":"product_cat-staleks","8":"first","9":"instock","10":"taxable","11":"shipping-taxable","12":"purchasable","13":"product-type-simple"},"aioseo_notices":[],"jetpack_likes_enabled":true,"jetpack_sharing_enabled":true,"_links":{"self":[{"href":"https:\/\/sheilamanicure.com\/index.php?rest_route=\/wp\/v2\/product\/2150"}],"collection":[{"href":"https:\/\/sheilamanicure.com\/index.php?rest_route=\/wp\/v2\/product"}],"about":[{"href":"https:\/\/sheilamanicure.com\/index.php?rest_route=\/wp\/v2\/types\/product"}],"replies":[{"embeddable":true,"href":"https:\/\/sheilamanicure.com\/index.php?rest_route=%2Fwp%2Fv2%2Fcomments&post=2150"}],"wp:featuredmedia":[{"embeddable":true,"href":"https:\/\/sheilamanicure.com\/index.php?rest_route=\/wp\/v2\/media\/2151"}],"wp:attachment":[{"href":"https:\/\/sheilamanicure.com\/index.php?rest_route=%2Fwp%2Fv2%2Fmedia&parent=2150"}],"wp:term":[{"taxonomy":"product_brand","embeddable":true,"href":"https:\/\/sheilamanicure.com\/index.php?rest_route=%2Fwp%2Fv2%2Fproduct_brand&post=2150"},{"taxonomy":"product_cat","embeddable":true,"href":"https:\/\/sheilamanicure.com\/index.php?rest_route=%2Fwp%2Fv2%2Fproduct_cat&post=2150"},{"taxonomy":"product_tag","embeddable":true,"href":"https:\/\/sheilamanicure.com\/index.php?rest_route=%2Fwp%2Fv2%2Fproduct_tag&post=2150"}],"curies":[{"name":"wp","href":"https:\/\/api.w.org\/{rel}","templated":true}]}}