{"id":1689,"date":"2024-02-21T17:22:35","date_gmt":"2024-02-21T16:22:35","guid":{"rendered":"https:\/\/sheilamanicure.com\/?post_type=product&#038;p=1689"},"modified":"2026-04-12T23:37:29","modified_gmt":"2026-04-12T21:37:29","slug":"punta-diamante-cilindro-redondeado-2-3-mm","status":"publish","type":"product","link":"https:\/\/sheilamanicure.com\/?product=punta-diamante-cilindro-redondeado-2-3-mm","title":{"rendered":"Punta Diamante, \u00abCilindro Redondeado\u00bb 2.3 Mm"},"content":{"rendered":"<p>EN MANICURA:<\/p>\n<ul>\n<li>Procesamiento de pliegues laterales.<\/li>\n<li>Eliminanci\u00f3n de u\u00f1as sobresalientes.<\/li>\n<li>Eliminaci\u00f3n de pterigi\u00f3n.<\/li>\n<li>Tratamiento de la zona sinusal.<\/li>\n<\/ul>\n<p>EN PEDICURA \/ PODOLOG\u00cdA:<\/p>\n<ul>\n<li>Tratamiento de durezas y callos secos.<\/li>\n<li>Tratamiento de grietas.<\/li>\n<\/ul>\n<p>im\u00e1genes y descripci\u00f3n de staleks<\/p>\n","protected":false},"excerpt":{"rendered":"<p>EN MANICURA: Procesamiento de pliegues laterales. Eliminanci\u00f3n de u\u00f1as sobresalientes. Eliminaci\u00f3n de pterigi\u00f3n. Tratamiento de la zona sinusal. EN PEDICURA \/ PODOLOG\u00cdA: Tratamiento de durezas y callos secos. Tratamiento de grietas. im\u00e1genes y descripci\u00f3n de staleks<\/p>\n","protected":false},"featured_media":1690,"comment_status":"open","ping_status":"closed","template":"","meta":{"om_disable_all_campaigns":false,"_monsterinsights_skip_tracking":false,"_monsterinsights_sitenote_active":false,"_monsterinsights_sitenote_note":"","_monsterinsights_sitenote_category":0},"product_brand":[],"product_cat":[23],"product_tag":[],"class_list":{"0":"post-1689","1":"product","2":"type-product","3":"status-publish","4":"has-post-thumbnail","6":"product_cat-staleks","8":"first","9":"instock","10":"taxable","11":"shipping-taxable","12":"purchasable","13":"product-type-simple"},"aioseo_notices":[],"jetpack_likes_enabled":true,"jetpack_sharing_enabled":true,"_links":{"self":[{"href":"https:\/\/sheilamanicure.com\/index.php?rest_route=\/wp\/v2\/product\/1689"}],"collection":[{"href":"https:\/\/sheilamanicure.com\/index.php?rest_route=\/wp\/v2\/product"}],"about":[{"href":"https:\/\/sheilamanicure.com\/index.php?rest_route=\/wp\/v2\/types\/product"}],"replies":[{"embeddable":true,"href":"https:\/\/sheilamanicure.com\/index.php?rest_route=%2Fwp%2Fv2%2Fcomments&post=1689"}],"wp:featuredmedia":[{"embeddable":true,"href":"https:\/\/sheilamanicure.com\/index.php?rest_route=\/wp\/v2\/media\/1690"}],"wp:attachment":[{"href":"https:\/\/sheilamanicure.com\/index.php?rest_route=%2Fwp%2Fv2%2Fmedia&parent=1689"}],"wp:term":[{"taxonomy":"product_brand","embeddable":true,"href":"https:\/\/sheilamanicure.com\/index.php?rest_route=%2Fwp%2Fv2%2Fproduct_brand&post=1689"},{"taxonomy":"product_cat","embeddable":true,"href":"https:\/\/sheilamanicure.com\/index.php?rest_route=%2Fwp%2Fv2%2Fproduct_cat&post=1689"},{"taxonomy":"product_tag","embeddable":true,"href":"https:\/\/sheilamanicure.com\/index.php?rest_route=%2Fwp%2Fv2%2Fproduct_tag&post=1689"}],"curies":[{"name":"wp","href":"https:\/\/api.w.org\/{rel}","templated":true}]}}