{"id":1299,"date":"2024-02-02T17:36:04","date_gmt":"2024-02-02T16:36:04","guid":{"rendered":"https:\/\/sheilamanicure.com\/?post_type=product&#038;p=1299"},"modified":"2025-08-11T23:13:15","modified_gmt":"2025-08-11T21:13:15","slug":"limas-desechables-doble-cara-papmam-mix-expert-50-pcs","status":"publish","type":"product","link":"https:\/\/sheilamanicure.com\/?product=limas-desechables-doble-cara-papmam-mix-expert-50-pcs","title":{"rendered":"Limas Desechables Doble Cara 100\/180 PapmAm Mix EXPERT (50 Pcs)"},"content":{"rendered":"<p>&nbsp;<\/p>\n<ul>\n<li>Forma recta.<\/li>\n<li>Se adaptan perfectamente al tama\u00f1o de la base, por lo que quedan bien fijadas en ella.<\/li>\n<li>Los extremos suaves y seguros de la lima papmAm est\u00e1n hechos de papel artesanal respetuoso con el medio ambiente.<\/li>\n<li>Eliminan la posibilidad de cortar al cliente con la lima durante el trabajo.<\/li>\n<li>Dos caras de trabajo con diferentes combinaciones de valores de grano que se diferencian por el color.<\/li>\n<li>Abrasivo negro Expert &#8211; grano 100\/180.<\/li>\n<li>Abrasivo blanco Expert &#8211; grano 180\/240.<\/li>\n<li>F\u00e1cil colocaci\u00f3n y extracci\u00f3n de la lima de la base.<\/li>\n<li>Herramienta limpia y sin restos de pegamento tras su uso.<\/li>\n<li>Para un solo uso.<\/li>\n<li>Para manicura y pedicura.<\/li>\n<li>Tama\u00f1o de la lima 140*20 mm.<\/li>\n<li>descripci\u00f3n y fotograf\u00edas de staleks.com<\/li>\n<\/ul>\n","protected":false},"excerpt":{"rendered":"<p>&nbsp; Forma recta. Se adaptan perfectamente al tama\u00f1o de la base, por lo que quedan bien fijadas en ella. Los extremos suaves y seguros de la lima papmAm est\u00e1n hechos de papel artesanal respetuoso con el medio ambiente. Eliminan la posibilidad de cortar al cliente con la lima durante el trabajo. Dos caras de trabajo&hellip;<\/p>\n","protected":false},"featured_media":1300,"comment_status":"open","ping_status":"closed","template":"","meta":{"om_disable_all_campaigns":false,"_monsterinsights_skip_tracking":false,"_monsterinsights_sitenote_active":false,"_monsterinsights_sitenote_note":"","_monsterinsights_sitenote_category":0},"product_brand":[],"product_cat":[23],"product_tag":[],"class_list":{"0":"post-1299","1":"product","2":"type-product","3":"status-publish","4":"has-post-thumbnail","6":"product_cat-staleks","8":"first","9":"instock","10":"featured","11":"taxable","12":"shipping-taxable","13":"purchasable","14":"product-type-simple"},"aioseo_notices":[],"jetpack_likes_enabled":true,"jetpack_sharing_enabled":true,"_links":{"self":[{"href":"https:\/\/sheilamanicure.com\/index.php?rest_route=\/wp\/v2\/product\/1299"}],"collection":[{"href":"https:\/\/sheilamanicure.com\/index.php?rest_route=\/wp\/v2\/product"}],"about":[{"href":"https:\/\/sheilamanicure.com\/index.php?rest_route=\/wp\/v2\/types\/product"}],"replies":[{"embeddable":true,"href":"https:\/\/sheilamanicure.com\/index.php?rest_route=%2Fwp%2Fv2%2Fcomments&post=1299"}],"wp:featuredmedia":[{"embeddable":true,"href":"https:\/\/sheilamanicure.com\/index.php?rest_route=\/wp\/v2\/media\/1300"}],"wp:attachment":[{"href":"https:\/\/sheilamanicure.com\/index.php?rest_route=%2Fwp%2Fv2%2Fmedia&parent=1299"}],"wp:term":[{"taxonomy":"product_brand","embeddable":true,"href":"https:\/\/sheilamanicure.com\/index.php?rest_route=%2Fwp%2Fv2%2Fproduct_brand&post=1299"},{"taxonomy":"product_cat","embeddable":true,"href":"https:\/\/sheilamanicure.com\/index.php?rest_route=%2Fwp%2Fv2%2Fproduct_cat&post=1299"},{"taxonomy":"product_tag","embeddable":true,"href":"https:\/\/sheilamanicure.com\/index.php?rest_route=%2Fwp%2Fv2%2Fproduct_tag&post=1299"}],"curies":[{"name":"wp","href":"https:\/\/api.w.org\/{rel}","templated":true}]}}