{"id":1295,"date":"2024-02-02T17:31:40","date_gmt":"2024-02-02T16:31:40","guid":{"rendered":"https:\/\/sheilamanicure.com\/?post_type=product&#038;p=1295"},"modified":"2026-03-09T10:16:00","modified_gmt":"2026-03-09T09:16:00","slug":"puntas-de-carburo-maiz-5-mm","status":"publish","type":"product","link":"https:\/\/sheilamanicure.com\/?product=puntas-de-carburo-maiz-5-mm","title":{"rendered":"Fresa De Carburo, \u00abMa\u00edz\u00bb 5 Mm"},"content":{"rendered":"<ul>\n<li>Para crear la forma de u\u00f1a perfecta.<\/li>\n<li>Para eliminar y alisar cuidadosamente el gel.<\/li>\n<li>Recomendado para principiantes.<\/li>\n<li>descripci\u00f3n y fotograf\u00edas de staleks.com<\/li>\n<\/ul>\n","protected":false},"excerpt":{"rendered":"<p>Para crear la forma de u\u00f1a perfecta. Para eliminar y alisar cuidadosamente el gel. Recomendado para principiantes. descripci\u00f3n y fotograf\u00edas de staleks.com<\/p>\n","protected":false},"featured_media":1296,"comment_status":"open","ping_status":"closed","template":"","meta":{"om_disable_all_campaigns":false,"_monsterinsights_skip_tracking":false,"_monsterinsights_sitenote_active":false,"_monsterinsights_sitenote_note":"","_monsterinsights_sitenote_category":0},"product_brand":[],"product_cat":[23],"product_tag":[],"class_list":{"0":"post-1295","1":"product","2":"type-product","3":"status-publish","4":"has-post-thumbnail","6":"product_cat-staleks","8":"first","9":"instock","10":"featured","11":"taxable","12":"shipping-taxable","13":"purchasable","14":"product-type-simple"},"aioseo_notices":[],"jetpack_likes_enabled":true,"jetpack_sharing_enabled":true,"_links":{"self":[{"href":"https:\/\/sheilamanicure.com\/index.php?rest_route=\/wp\/v2\/product\/1295"}],"collection":[{"href":"https:\/\/sheilamanicure.com\/index.php?rest_route=\/wp\/v2\/product"}],"about":[{"href":"https:\/\/sheilamanicure.com\/index.php?rest_route=\/wp\/v2\/types\/product"}],"replies":[{"embeddable":true,"href":"https:\/\/sheilamanicure.com\/index.php?rest_route=%2Fwp%2Fv2%2Fcomments&post=1295"}],"wp:featuredmedia":[{"embeddable":true,"href":"https:\/\/sheilamanicure.com\/index.php?rest_route=\/wp\/v2\/media\/1296"}],"wp:attachment":[{"href":"https:\/\/sheilamanicure.com\/index.php?rest_route=%2Fwp%2Fv2%2Fmedia&parent=1295"}],"wp:term":[{"taxonomy":"product_brand","embeddable":true,"href":"https:\/\/sheilamanicure.com\/index.php?rest_route=%2Fwp%2Fv2%2Fproduct_brand&post=1295"},{"taxonomy":"product_cat","embeddable":true,"href":"https:\/\/sheilamanicure.com\/index.php?rest_route=%2Fwp%2Fv2%2Fproduct_cat&post=1295"},{"taxonomy":"product_tag","embeddable":true,"href":"https:\/\/sheilamanicure.com\/index.php?rest_route=%2Fwp%2Fv2%2Fproduct_tag&post=1295"}],"curies":[{"name":"wp","href":"https:\/\/api.w.org\/{rel}","templated":true}]}}