{"id":1289,"date":"2024-02-02T17:15:07","date_gmt":"2024-02-02T16:15:07","guid":{"rendered":"https:\/\/sheilamanicure.com\/?post_type=product&#038;p=1289"},"modified":"2025-07-22T21:15:20","modified_gmt":"2025-07-22T19:15:20","slug":"1289","status":"publish","type":"product","link":"https:\/\/sheilamanicure.com\/?product=1289","title":{"rendered":"Limas Desechables Blancas Papmam Para Base De Madera EXPERT 22 (25 Pcs)(150)"},"content":{"rendered":"<ul>\n<li>La lima de u\u00f1as est\u00e1 lista para usar; el t\u00e9cnico no pierde tiempo preparando la herramienta para el trabajo.<\/li>\n<li>Base de madera ligera hecha de material ecol\u00f3gico &#8211; abedul.<\/li>\n<li>El abrasivo Expert White de alta calidad conserva sus propiedades durante mucho tiempo.<\/li>\n<li>Un recubrimiento especial evita que el abrasivo se obstruya con polvo org\u00e1nico durante el uso.<\/li>\n<li>Para un solo uso.<\/li>\n<li>Tama\u00f1o de lima de u\u00f1as 140*20 mm.<\/li>\n<li>25 piezas por paquete.<\/li>\n<li>descripci\u00f3n y fotograf\u00edas de staleks.com<\/li>\n<\/ul>\n","protected":false},"excerpt":{"rendered":"<p>La lima de u\u00f1as est\u00e1 lista para usar; el t\u00e9cnico no pierde tiempo preparando la herramienta para el trabajo. Base de madera ligera hecha de material ecol\u00f3gico &#8211; abedul. El abrasivo Expert White de alta calidad conserva sus propiedades durante mucho tiempo. Un recubrimiento especial evita que el abrasivo se obstruya con polvo org\u00e1nico durante&hellip;<\/p>\n","protected":false},"featured_media":1290,"comment_status":"open","ping_status":"closed","template":"","meta":{"om_disable_all_campaigns":false,"_monsterinsights_skip_tracking":false,"_monsterinsights_sitenote_active":false,"_monsterinsights_sitenote_note":"","_monsterinsights_sitenote_category":0},"product_brand":[],"product_cat":[23],"product_tag":[],"class_list":{"0":"post-1289","1":"product","2":"type-product","3":"status-publish","4":"has-post-thumbnail","6":"product_cat-staleks","8":"first","9":"outofstock","10":"featured","11":"taxable","12":"shipping-taxable","13":"purchasable","14":"product-type-simple"},"aioseo_notices":[],"jetpack_likes_enabled":true,"jetpack_sharing_enabled":true,"_links":{"self":[{"href":"https:\/\/sheilamanicure.com\/index.php?rest_route=\/wp\/v2\/product\/1289"}],"collection":[{"href":"https:\/\/sheilamanicure.com\/index.php?rest_route=\/wp\/v2\/product"}],"about":[{"href":"https:\/\/sheilamanicure.com\/index.php?rest_route=\/wp\/v2\/types\/product"}],"replies":[{"embeddable":true,"href":"https:\/\/sheilamanicure.com\/index.php?rest_route=%2Fwp%2Fv2%2Fcomments&post=1289"}],"wp:featuredmedia":[{"embeddable":true,"href":"https:\/\/sheilamanicure.com\/index.php?rest_route=\/wp\/v2\/media\/1290"}],"wp:attachment":[{"href":"https:\/\/sheilamanicure.com\/index.php?rest_route=%2Fwp%2Fv2%2Fmedia&parent=1289"}],"wp:term":[{"taxonomy":"product_brand","embeddable":true,"href":"https:\/\/sheilamanicure.com\/index.php?rest_route=%2Fwp%2Fv2%2Fproduct_brand&post=1289"},{"taxonomy":"product_cat","embeddable":true,"href":"https:\/\/sheilamanicure.com\/index.php?rest_route=%2Fwp%2Fv2%2Fproduct_cat&post=1289"},{"taxonomy":"product_tag","embeddable":true,"href":"https:\/\/sheilamanicure.com\/index.php?rest_route=%2Fwp%2Fv2%2Fproduct_tag&post=1289"}],"curies":[{"name":"wp","href":"https:\/\/api.w.org\/{rel}","templated":true}]}}