{"id":1241,"date":"2024-02-02T16:24:11","date_gmt":"2024-02-02T15:24:11","guid":{"rendered":"https:\/\/sheilamanicure.com\/?post_type=product&#038;p=1241"},"modified":"2025-07-22T21:15:23","modified_gmt":"2025-07-22T19:15:23","slug":"repuestos-papmam-para-la-lima-recta-smart-22","status":"publish","type":"product","link":"https:\/\/sheilamanicure.com\/?product=repuestos-papmam-para-la-lima-recta-smart-22","title":{"rendered":"Repuestos Papmam Para La Lima Recta SMART 22"},"content":{"rendered":"<ul>\n<li>La base de ecol\u00f3gico papel kraft.<\/li>\n<li>F\u00e1cilmente se pone y se quita de la base.<\/li>\n<li>Se fija firmemente.<\/li>\n<li>Trabajo seguro.<\/li>\n<li>Herramienta limpia sin residuos del pegamento despu\u00e9s del trabajo.<\/li>\n<li>Desechables.<\/li>\n<li>Tama\u00f1o 120*20 mm.<\/li>\n<li>50 piezas por paquete.<\/li>\n<li>descripci\u00f3n y fotograf\u00edas de staleks.com<\/li>\n<\/ul>\n","protected":false},"excerpt":{"rendered":"<p>La base de ecol\u00f3gico papel kraft. F\u00e1cilmente se pone y se quita de la base. Se fija firmemente. Trabajo seguro. Herramienta limpia sin residuos del pegamento despu\u00e9s del trabajo. Desechables. Tama\u00f1o 120*20 mm. 50 piezas por paquete. descripci\u00f3n y fotograf\u00edas de staleks.com<\/p>\n","protected":false},"featured_media":1242,"comment_status":"open","ping_status":"closed","template":"","meta":{"om_disable_all_campaigns":false,"_monsterinsights_skip_tracking":false,"_monsterinsights_sitenote_active":false,"_monsterinsights_sitenote_note":"","_monsterinsights_sitenote_category":0},"product_brand":[],"product_cat":[23],"product_tag":[],"class_list":{"0":"post-1241","1":"product","2":"type-product","3":"status-publish","4":"has-post-thumbnail","6":"product_cat-staleks","8":"first","9":"instock","10":"featured","11":"taxable","12":"shipping-taxable","13":"purchasable","14":"product-type-simple"},"aioseo_notices":[],"jetpack_likes_enabled":true,"jetpack_sharing_enabled":true,"_links":{"self":[{"href":"https:\/\/sheilamanicure.com\/index.php?rest_route=\/wp\/v2\/product\/1241"}],"collection":[{"href":"https:\/\/sheilamanicure.com\/index.php?rest_route=\/wp\/v2\/product"}],"about":[{"href":"https:\/\/sheilamanicure.com\/index.php?rest_route=\/wp\/v2\/types\/product"}],"replies":[{"embeddable":true,"href":"https:\/\/sheilamanicure.com\/index.php?rest_route=%2Fwp%2Fv2%2Fcomments&post=1241"}],"wp:featuredmedia":[{"embeddable":true,"href":"https:\/\/sheilamanicure.com\/index.php?rest_route=\/wp\/v2\/media\/1242"}],"wp:attachment":[{"href":"https:\/\/sheilamanicure.com\/index.php?rest_route=%2Fwp%2Fv2%2Fmedia&parent=1241"}],"wp:term":[{"taxonomy":"product_brand","embeddable":true,"href":"https:\/\/sheilamanicure.com\/index.php?rest_route=%2Fwp%2Fv2%2Fproduct_brand&post=1241"},{"taxonomy":"product_cat","embeddable":true,"href":"https:\/\/sheilamanicure.com\/index.php?rest_route=%2Fwp%2Fv2%2Fproduct_cat&post=1241"},{"taxonomy":"product_tag","embeddable":true,"href":"https:\/\/sheilamanicure.com\/index.php?rest_route=%2Fwp%2Fv2%2Fproduct_tag&post=1241"}],"curies":[{"name":"wp","href":"https:\/\/api.w.org\/{rel}","templated":true}]}}