{"id":1212,"date":"2024-02-02T15:28:03","date_gmt":"2024-02-02T14:28:03","guid":{"rendered":"https:\/\/sheilamanicure.com\/?post_type=product&#038;p=1212"},"modified":"2026-03-13T08:46:08","modified_gmt":"2026-03-13T07:46:08","slug":"punta-diamante-de-puntaed-flama-afilada-2-1-mm","status":"publish","type":"product","link":"https:\/\/sheilamanicure.com\/?product=punta-diamante-de-puntaed-flama-afilada-2-1-mm","title":{"rendered":"Punta Diamante, De Punta \u00abLlama Afilada\u00bb 2.1 Mm fresa"},"content":{"rendered":"<p>MANICURA:<\/p>\n<ul>\n<li>Levantar y quitar la cut\u00edcula.<\/li>\n<li>Procesamiento de pliegues laterales.<\/li>\n<li>Eliminaci\u00f3n de pterigi\u00f3n.<\/li>\n<li>Apertura de los senos paranasales.<\/li>\n<li>Estudio de los senos paraungueales.<\/li>\n<li>Para decoraci\u00f3n y dise\u00f1o de u\u00f1as.<br \/>\n-descripci\u00f3n y fotograf\u00edas de staleks.com<\/li>\n<\/ul>\n","protected":false},"excerpt":{"rendered":"<p>MANICURA: Levantar y quitar la cut\u00edcula. Procesamiento de pliegues laterales. Eliminaci\u00f3n de pterigi\u00f3n. Apertura de los senos paranasales. Estudio de los senos paraungueales. Para decoraci\u00f3n y dise\u00f1o de u\u00f1as. -descripci\u00f3n y fotograf\u00edas de staleks.com<\/p>\n","protected":false},"featured_media":1213,"comment_status":"open","ping_status":"closed","template":"","meta":{"om_disable_all_campaigns":false,"_monsterinsights_skip_tracking":false,"_monsterinsights_sitenote_active":false,"_monsterinsights_sitenote_note":"","_monsterinsights_sitenote_category":0},"product_brand":[],"product_cat":[23],"product_tag":[],"class_list":{"0":"post-1212","1":"product","2":"type-product","3":"status-publish","4":"has-post-thumbnail","6":"product_cat-staleks","8":"first","9":"instock","10":"featured","11":"taxable","12":"shipping-taxable","13":"purchasable","14":"product-type-simple"},"aioseo_notices":[],"jetpack_likes_enabled":true,"jetpack_sharing_enabled":true,"_links":{"self":[{"href":"https:\/\/sheilamanicure.com\/index.php?rest_route=\/wp\/v2\/product\/1212"}],"collection":[{"href":"https:\/\/sheilamanicure.com\/index.php?rest_route=\/wp\/v2\/product"}],"about":[{"href":"https:\/\/sheilamanicure.com\/index.php?rest_route=\/wp\/v2\/types\/product"}],"replies":[{"embeddable":true,"href":"https:\/\/sheilamanicure.com\/index.php?rest_route=%2Fwp%2Fv2%2Fcomments&post=1212"}],"wp:featuredmedia":[{"embeddable":true,"href":"https:\/\/sheilamanicure.com\/index.php?rest_route=\/wp\/v2\/media\/1213"}],"wp:attachment":[{"href":"https:\/\/sheilamanicure.com\/index.php?rest_route=%2Fwp%2Fv2%2Fmedia&parent=1212"}],"wp:term":[{"taxonomy":"product_brand","embeddable":true,"href":"https:\/\/sheilamanicure.com\/index.php?rest_route=%2Fwp%2Fv2%2Fproduct_brand&post=1212"},{"taxonomy":"product_cat","embeddable":true,"href":"https:\/\/sheilamanicure.com\/index.php?rest_route=%2Fwp%2Fv2%2Fproduct_cat&post=1212"},{"taxonomy":"product_tag","embeddable":true,"href":"https:\/\/sheilamanicure.com\/index.php?rest_route=%2Fwp%2Fv2%2Fproduct_tag&post=1212"}],"curies":[{"name":"wp","href":"https:\/\/api.w.org\/{rel}","templated":true}]}}