{"id":1211,"date":"2024-02-02T15:21:47","date_gmt":"2024-02-02T14:21:47","guid":{"rendered":"https:\/\/sheilamanicure.com\/?post_type=product&#038;p=1211"},"modified":"2026-05-02T01:01:13","modified_gmt":"2026-05-01T23:01:13","slug":"alicates-para-piel-classic-10-11","status":"publish","type":"product","link":"https:\/\/sheilamanicure.com\/?product=alicates-para-piel-classic-10-11","title":{"rendered":"Alicates Para Pies CLASSIC 6\/ 10"},"content":{"rendered":"<ul>\n<li>Para cut\u00edcula, la forma de la parte funcional es ideal para realizar manicura y pedicura.<\/li>\n<li>Parte cortante con leve inclinaci\u00f3n y de tal\u00f3n bajo.<\/li>\n<li>C\u00f3modos y ergon\u00f3micos mangos cortos se sujetan firmemente en la mano.<\/li>\n<li>Muelle de doble pletina es duradero y provee movimiento fluido de la herramienta.<\/li>\n<\/ul>\n<p>descripci\u00f3n y fotograf\u00edas de staleks.com<\/p>\n","protected":false},"excerpt":{"rendered":"<p>Para cut\u00edcula, la forma de la parte funcional es ideal para realizar manicura y pedicura. Parte cortante con leve inclinaci\u00f3n y de tal\u00f3n bajo. C\u00f3modos y ergon\u00f3micos mangos cortos se sujetan firmemente en la mano. Muelle de doble pletina es duradero y provee movimiento fluido de la herramienta. descripci\u00f3n y fotograf\u00edas de staleks.com<\/p>\n","protected":false},"featured_media":3722,"comment_status":"open","ping_status":"closed","template":"","meta":{"om_disable_all_campaigns":false,"_monsterinsights_skip_tracking":false,"_monsterinsights_sitenote_active":false,"_monsterinsights_sitenote_note":"","_monsterinsights_sitenote_category":0},"product_brand":[],"product_cat":[23],"product_tag":[],"class_list":{"0":"post-1211","1":"product","2":"type-product","3":"status-publish","4":"has-post-thumbnail","6":"product_cat-staleks","8":"first","9":"instock","10":"featured","11":"taxable","12":"shipping-taxable","13":"purchasable","14":"product-type-simple"},"aioseo_notices":[],"jetpack_likes_enabled":true,"jetpack_sharing_enabled":true,"_links":{"self":[{"href":"https:\/\/sheilamanicure.com\/index.php?rest_route=\/wp\/v2\/product\/1211"}],"collection":[{"href":"https:\/\/sheilamanicure.com\/index.php?rest_route=\/wp\/v2\/product"}],"about":[{"href":"https:\/\/sheilamanicure.com\/index.php?rest_route=\/wp\/v2\/types\/product"}],"replies":[{"embeddable":true,"href":"https:\/\/sheilamanicure.com\/index.php?rest_route=%2Fwp%2Fv2%2Fcomments&post=1211"}],"wp:featuredmedia":[{"embeddable":true,"href":"https:\/\/sheilamanicure.com\/index.php?rest_route=\/wp\/v2\/media\/3722"}],"wp:attachment":[{"href":"https:\/\/sheilamanicure.com\/index.php?rest_route=%2Fwp%2Fv2%2Fmedia&parent=1211"}],"wp:term":[{"taxonomy":"product_brand","embeddable":true,"href":"https:\/\/sheilamanicure.com\/index.php?rest_route=%2Fwp%2Fv2%2Fproduct_brand&post=1211"},{"taxonomy":"product_cat","embeddable":true,"href":"https:\/\/sheilamanicure.com\/index.php?rest_route=%2Fwp%2Fv2%2Fproduct_cat&post=1211"},{"taxonomy":"product_tag","embeddable":true,"href":"https:\/\/sheilamanicure.com\/index.php?rest_route=%2Fwp%2Fv2%2Fproduct_tag&post=1211"}],"curies":[{"name":"wp","href":"https:\/\/api.w.org\/{rel}","templated":true}]}}