{"id":1041,"date":"2024-02-02T01:42:49","date_gmt":"2024-02-02T00:42:49","guid":{"rendered":"https:\/\/sheilamanicure.com\/?post_type=product&#038;p=1041"},"modified":"2026-02-22T10:59:09","modified_gmt":"2026-02-22T09:59:09","slug":"polygel-blanco","status":"publish","type":"product","link":"https:\/\/sheilamanicure.com\/?product=polygel-blanco","title":{"rendered":"Polygel blanco"},"content":{"rendered":"","protected":false},"excerpt":{"rendered":"<p>30ml<\/p>\n<p>ideal para extensi\u00f3n de u\u00f1as<\/p>\n<p>recomendaciones aplicar capa fina para obtener un correcto secado<\/p>\n<p class=\"p1\"><span class=\"s1\">alta pigmentaci\u00f3n\u00a0<\/span><\/p>\n<p class=\"p1\"><span class=\"s1\">Precauci\u00f3n: Evite la luz directa y exposici\u00f3n a la luz solar o l\u00e1mpara UV\/Led.<\/span><\/p>\n<p class=\"p1\"><span class=\"s1\">S\u00f3lo para uso profesional UV GEL POLISH SOAK-OFF<\/span><\/p>\n","protected":false},"featured_media":1043,"comment_status":"open","ping_status":"closed","template":"","meta":{"om_disable_all_campaigns":false,"_monsterinsights_skip_tracking":false,"_monsterinsights_sitenote_active":false,"_monsterinsights_sitenote_note":"","_monsterinsights_sitenote_category":0},"product_brand":[],"product_cat":[28],"product_tag":[],"class_list":{"0":"post-1041","1":"product","2":"type-product","3":"status-publish","4":"has-post-thumbnail","6":"product_cat-poly-gel","8":"first","9":"instock","10":"taxable","11":"shipping-taxable","12":"purchasable","13":"product-type-simple"},"aioseo_notices":[],"jetpack_likes_enabled":true,"jetpack_sharing_enabled":true,"_links":{"self":[{"href":"https:\/\/sheilamanicure.com\/index.php?rest_route=\/wp\/v2\/product\/1041"}],"collection":[{"href":"https:\/\/sheilamanicure.com\/index.php?rest_route=\/wp\/v2\/product"}],"about":[{"href":"https:\/\/sheilamanicure.com\/index.php?rest_route=\/wp\/v2\/types\/product"}],"replies":[{"embeddable":true,"href":"https:\/\/sheilamanicure.com\/index.php?rest_route=%2Fwp%2Fv2%2Fcomments&post=1041"}],"wp:featuredmedia":[{"embeddable":true,"href":"https:\/\/sheilamanicure.com\/index.php?rest_route=\/wp\/v2\/media\/1043"}],"wp:attachment":[{"href":"https:\/\/sheilamanicure.com\/index.php?rest_route=%2Fwp%2Fv2%2Fmedia&parent=1041"}],"wp:term":[{"taxonomy":"product_brand","embeddable":true,"href":"https:\/\/sheilamanicure.com\/index.php?rest_route=%2Fwp%2Fv2%2Fproduct_brand&post=1041"},{"taxonomy":"product_cat","embeddable":true,"href":"https:\/\/sheilamanicure.com\/index.php?rest_route=%2Fwp%2Fv2%2Fproduct_cat&post=1041"},{"taxonomy":"product_tag","embeddable":true,"href":"https:\/\/sheilamanicure.com\/index.php?rest_route=%2Fwp%2Fv2%2Fproduct_tag&post=1041"}],"curies":[{"name":"wp","href":"https:\/\/api.w.org\/{rel}","templated":true}]}}