{"id":628,"date":"2022-01-19T09:40:52","date_gmt":"2022-01-19T09:40:52","guid":{"rendered":"https:\/\/demo.creativethemes.com\/stagingthree\/?page_id=628"},"modified":"2026-05-04T22:22:11","modified_gmt":"2026-05-04T20:22:11","slug":"about-us","status":"publish","type":"page","link":"https:\/\/sheilamanicure.com\/?page_id=628","title":{"rendered":"Me presento"},"content":{"rendered":"\t\t<div data-elementor-type=\"wp-page\" data-elementor-id=\"628\" class=\"elementor elementor-628\">\n\t\t\t\t<div class=\"elementor-element elementor-element-68694f2b e-flex e-con-boxed e-con e-parent\" data-id=\"68694f2b\" data-element_type=\"container\" data-e-type=\"container\">\n\t\t\t\t\t<div class=\"e-con-inner\">\n\t\t\t\t<div class=\"elementor-element elementor-element-40a2447 elementor-widget elementor-widget-text-editor\" data-id=\"40a2447\" data-element_type=\"widget\" data-e-type=\"widget\" data-widget_type=\"text-editor.default\">\n\t\t\t\t\t\t\t\t\t<p><\/p><div id=\"soy-sheila-barriga\" class=\"wp-block-stackable-heading stk-block-heading stk-block-heading--v2 stk-block stk-nn64rgy stk-block-background stk--has-background-overlay\" data-block-id=\"nn64rgy\"><style>.stk-nn64rgy{background-color:linear-gradient(-225deg,#E3FDF5 0%,#FFE6FA 100%) !important}.stk-nn64rgy:before{background-image:linear-gradient(-225deg,#E3FDF5 0%,#FFE6FA 100%) !important}.stk-nn64rgy .stk-block-heading__text{background-image:linear-gradient(currentColor 0%,currentColor 100%) !important;font-style:italic !important}@media screen and (max-width:767px){.stk-nn64rgy .stk-block-heading__text{font-size:25px !important}}<\/style><h2 class=\"stk-block-heading__text stk--is-gradient has-text-align-center-mobile\">Soy Sheila Barriga<\/h2><\/div><p><\/p><p><\/p><div class=\"wp-block-stackable-columns stk-block-columns stk-block stk-v58jhva\" data-block-id=\"v58jhva\"><style>.stk-v58jhva{margin-bottom:0px !important}.stk-v58jhva-column{--stk-column-gap:30px !important}@media screen and (max-width:767px){.stk-v58jhva-column{row-gap:50px !important}}<\/style><div class=\"stk-row stk-inner-blocks stk-block-content stk-content-align stk-v58jhva-column\"><p><\/p><div class=\"wp-block-stackable-column stk-block-column stk-column stk-block stk-0w9jru7\" data-v=\"4\" data-block-id=\"0w9jru7\"><style>.stk-0w9jru7-container{margin-top:0px !important;margin-right:0px !important;margin-bottom:0px !important;margin-left:0px !important}@media screen and (min-width:768px){.stk-0w9jru7{flex:1 1 calc(66.667% - var(--stk-column-gap,0px) * 1 \/ 2 ) !important}}<\/style><div class=\"stk-column-wrapper stk-block-column__content stk-container stk-0w9jru7-container stk--no-background stk--no-padding\"><div class=\"stk-block-content stk-inner-blocks stk-0w9jru7-inner-blocks\"><p><\/p><div class=\"wp-block-stackable-text stk-block-text stk-block stk-4lex791\" data-block-id=\"4lex791\"><p class=\"stk-block-text__text has-text-align-center-mobile\"><span dir=\"auto\" style=\"vertical-align: inherit;\"><span dir=\"auto\" style=\"vertical-align: inherit;\">.<\/span><\/span><\/p><\/div><p><\/p><p><\/p><p>Llevo muchos a\u00f1os en este sector, dedic\u00e1ndome con pasi\u00f3n y entrega a mi labor como emprendedora. Hace 8 a\u00f1os, decid\u00ed tomar las riendas de mi propio negocio y emprender por cuenta propia y as\u00ed naci\u00f3 SHEILA MANICURE ACADEMY<\/p><p><\/p><p><\/p><p>Me apasiona mi trabajo y disfruto cada d\u00eda de las responsabilidades y desaf\u00edos que conlleva. He pasado por altibajos, pero siempre me he mantenido firme en mi prop\u00f3sito de ofrecer lo mejor a mis clientes, y alumnas. Hace 2 a\u00f1os me anim\u00e9 a competir, salir de mi zona de confort fue una experiencia \u00fanica y muy recomendable.<\/p><p><\/p><p><\/p><p>Espero seguir creciendo y evolucionando en este sector para poder brindarles siempre lo mejor, superando sus expectativas y satisfaciendo sus necesidades. Mi compromiso es seguir aprendiendo, innovando y dando un servicio de calidad que me permita seguir siendo una emprendedora exitosa.<\/p><p><\/p><p><\/p><p>Premios en estos 2 \u00faltimos a\u00f1os<\/p><p><\/p><p><\/p><p>Ganadora m\u00faltiples premios en campeonatos internacionales<\/p><p><\/p><p><\/p><p>Galard\u00f3n mejor t\u00e9cnico Nail art\u00edst 2023<\/p><p><\/p><p><\/p><p>Juez internacional y miembro Nij<\/p><p><\/p><\/div><\/div><\/div><p><\/p><p><\/p><div class=\"wp-block-stackable-column stk-block-column stk-column stk-block stk-jt4sedc\" data-v=\"4\" data-block-id=\"jt4sedc\"><style>.stk-jt4sedc-container{margin-top:0px !important;margin-right:0px !important;margin-bottom:0px !important;margin-left:0px !important}@media screen and (min-width:768px){.stk-jt4sedc{flex:1 1 calc(33.333% - var(--stk-column-gap,0px) * 1 \/ 2 ) !important}}<\/style><div class=\"stk-column-wrapper stk-block-column__content stk-container stk-jt4sedc-container stk--no-background stk--no-padding\"><div class=\"stk-block-content stk-inner-blocks stk-jt4sedc-inner-blocks\"><p><\/p><div class=\"wp-block-stackable-text stk-block-text stk-block stk-3rlunq1\" data-block-id=\"3rlunq1\"><p class=\"stk-block-text__text has-text-align-center-mobile\">\u00a0<\/p><\/div><p><\/p><p><\/p><div class=\"wp-block-stackable-image stk-block-image stk-block stk-fp0lm5u\" data-block-id=\"fp0lm5u\"><figure><span class=\"stk-img-wrapper stk-image--shape-stretch\"><img fetchpriority=\"high\" decoding=\"async\" class=\"stk-img wp-image-730\" src=\"http:\/\/sheilamanicure-com.preview-domain.com\/wp-content\/uploads\/2024\/01\/87e43d9a-3b60-4d7f-9c6e-d536b03e26c3.jpeg\" width=\"606\" height=\"1024\" srcset=\"https:\/\/sheilamanicure.com\/wp-content\/uploads\/2024\/01\/87e43d9a-3b60-4d7f-9c6e-d536b03e26c3.jpeg 606w, https:\/\/sheilamanicure.com\/wp-content\/uploads\/2024\/01\/87e43d9a-3b60-4d7f-9c6e-d536b03e26c3-178x300.jpeg 178w, https:\/\/sheilamanicure.com\/wp-content\/uploads\/2024\/01\/87e43d9a-3b60-4d7f-9c6e-d536b03e26c3-300x507.jpeg 300w, https:\/\/sheilamanicure.com\/wp-content\/uploads\/2024\/01\/87e43d9a-3b60-4d7f-9c6e-d536b03e26c3-600x1014.jpeg 600w\" sizes=\"(max-width: 606px) 100vw, 606px\" \/><\/span><\/figure><\/div><p><\/p><\/div><\/div><\/div><p><\/p><\/div><\/div><p><\/p><p><\/p><div class=\"wp-block-stackable-spacer stk-block-spacer stk--no-padding stk-block stk-6amn1s4 stk-block-background stk--has-background-overlay\" data-block-id=\"6amn1s4\"><style>.stk-6amn1s4{background-color:transparent !important;height:100px !important}.stk-6amn1s4:before{background-image:linear-gradient(90deg,0%,rgba(0,0,0,0) 100%) !important}@media screen and (max-width:1023px){.stk-6amn1s4{height:80px !important}}@media screen and (max-width:767px){.stk-6amn1s4{height:50px !important}}<\/style><\/div><p><\/p><p><\/p><div class=\"wp-block-stackable-columns aligncenter stk-block-columns stk-block stk-5iyr218\" data-block-id=\"5iyr218\"><style>.stk-5iyr218-column{--stk-column-gap:35px !important}@media screen and (max-width:1023px){.stk-5iyr218-column{--stk-column-gap:20px !important}}@media screen and (max-width:767px){.stk-5iyr218-column{row-gap:50px !important}}<\/style><div class=\"stk-row stk-inner-blocks stk-block-content stk-content-align stk-5iyr218-column\"><p><\/p><div class=\"wp-block-stackable-column stk-block-column stk-column stk-block stk-e6pvc9z\" data-v=\"4\" data-block-id=\"e6pvc9z\"><style>.stk-e6pvc9z-container{margin-top:0px !important;margin-right:0px !important;margin-bottom:0px !important;margin-left:0px !important}<\/style><div class=\"stk-column-wrapper stk-block-column__content stk-container stk-e6pvc9z-container stk--no-background stk--no-padding\"><div class=\"stk-block-content stk-inner-blocks stk-e6pvc9z-inner-blocks\"><p><\/p><figure class=\"wp-block-image size-full\"><img decoding=\"async\" width=\"1920\" height=\"2560\" class=\"wp-image-1306\" src=\"http:\/\/sheilamanicure-com.preview-domain.com\/wp-content\/uploads\/2024\/02\/IMG_3921-scaled.jpeg\" alt=\"\" srcset=\"https:\/\/sheilamanicure.com\/wp-content\/uploads\/2024\/02\/IMG_3921-scaled.jpeg 1920w, https:\/\/sheilamanicure.com\/wp-content\/uploads\/2024\/02\/IMG_3921-225x300.jpeg 225w, https:\/\/sheilamanicure.com\/wp-content\/uploads\/2024\/02\/IMG_3921-768x1024.jpeg 768w, https:\/\/sheilamanicure.com\/wp-content\/uploads\/2024\/02\/IMG_3921-1152x1536.jpeg 1152w, https:\/\/sheilamanicure.com\/wp-content\/uploads\/2024\/02\/IMG_3921-1536x2048.jpeg 1536w, https:\/\/sheilamanicure.com\/wp-content\/uploads\/2024\/02\/IMG_3921-300x400.jpeg 300w, https:\/\/sheilamanicure.com\/wp-content\/uploads\/2024\/02\/IMG_3921-1320x1760.jpeg 1320w, https:\/\/sheilamanicure.com\/wp-content\/uploads\/2024\/02\/IMG_3921-600x800.jpeg 600w\" sizes=\"(max-width: 1920px) 100vw, 1920px\" \/><\/figure><p><\/p><p><\/p><div id=\"mejor-tecnico-en-nail-art-2023\" class=\"wp-block-stackable-heading stk-block-heading stk-block-heading--v2 stk-block stk-0qqh6tm\" data-block-id=\"0qqh6tm\"><style>.stk-0qqh6tm{padding-top:0px !important;padding-right:0px !important;padding-bottom:0px !important;padding-left:0px !important;margin-top:10px !important;margin-bottom:10px !important}<\/style><h5 class=\"stk-block-heading__text has-text-align-center\">Mejor t\u00e9cnico en nail art 2023<\/h5><\/div><p><\/p><p><\/p><div class=\"wp-block-stackable-text stk-block-text stk-block stk-rmswp4j\" data-block-id=\"rmswp4j\"><style>.stk-rmswp4j .stk-block-text__text{color:#aaaaaa !important}<\/style><p class=\"stk-block-text__text has-text-color has-text-align-center\">\u00a0<\/p><\/div><p><\/p><\/div><\/div><\/div><p><\/p><p><\/p><div class=\"wp-block-stackable-column stk-block-column stk-column stk-block stk-civs5j6\" data-v=\"4\" data-block-id=\"civs5j6\"><style>.stk-civs5j6-container{margin-top:0px !important;margin-right:0px !important;margin-bottom:0px !important;margin-left:0px !important}<\/style><div class=\"stk-column-wrapper stk-block-column__content stk-container stk-civs5j6-container stk--no-background stk--no-padding\"><div class=\"stk-block-content stk-inner-blocks stk-civs5j6-inner-blocks\"><p><\/p><figure class=\"wp-block-image size-full\"><img decoding=\"async\" width=\"1536\" height=\"2048\" class=\"wp-image-1307\" src=\"http:\/\/sheilamanicure-com.preview-domain.com\/wp-content\/uploads\/2024\/02\/bf08c988-639e-467c-b5d5-f96624167dfe.jpeg\" alt=\"\" srcset=\"https:\/\/sheilamanicure.com\/wp-content\/uploads\/2024\/02\/bf08c988-639e-467c-b5d5-f96624167dfe.jpeg 1536w, https:\/\/sheilamanicure.com\/wp-content\/uploads\/2024\/02\/bf08c988-639e-467c-b5d5-f96624167dfe-225x300.jpeg 225w, https:\/\/sheilamanicure.com\/wp-content\/uploads\/2024\/02\/bf08c988-639e-467c-b5d5-f96624167dfe-768x1024.jpeg 768w, https:\/\/sheilamanicure.com\/wp-content\/uploads\/2024\/02\/bf08c988-639e-467c-b5d5-f96624167dfe-1152x1536.jpeg 1152w, https:\/\/sheilamanicure.com\/wp-content\/uploads\/2024\/02\/bf08c988-639e-467c-b5d5-f96624167dfe-300x400.jpeg 300w, https:\/\/sheilamanicure.com\/wp-content\/uploads\/2024\/02\/bf08c988-639e-467c-b5d5-f96624167dfe-1320x1760.jpeg 1320w, https:\/\/sheilamanicure.com\/wp-content\/uploads\/2024\/02\/bf08c988-639e-467c-b5d5-f96624167dfe-600x800.jpeg 600w\" sizes=\"(max-width: 1536px) 100vw, 1536px\" \/><\/figure><p><\/p><p><\/p><div id=\"campeonato-internacional-beauty-valencia-2023\" class=\"wp-block-stackable-heading stk-block-heading stk-block-heading--v2 stk-block stk-c68r5gb\" data-block-id=\"c68r5gb\"><style>.stk-c68r5gb{padding-top:0px !important;padding-right:0px !important;padding-bottom:0px !important;padding-left:0px !important;margin-top:10px !important;margin-bottom:10px !important}<\/style><h5 class=\"stk-block-heading__text has-text-align-center\">Campeonato internacional beauty valencia 2023<\/h5><\/div><p><\/p><p><\/p><div class=\"wp-block-stackable-text stk-block-text stk-block stk-jae818i\" data-block-id=\"jae818i\"><style>.stk-jae818i .stk-block-text__text{color:#aaaaaa !important}<\/style><p class=\"stk-block-text__text has-text-color has-text-align-center\">\u00a0<\/p><\/div><p><\/p><\/div><\/div><\/div><p><\/p><p><\/p><div class=\"wp-block-stackable-column stk-block-column stk-column stk-block stk-krc6pys\" data-v=\"4\" data-block-id=\"krc6pys\"><style>.stk-krc6pys-container{margin-top:0px !important;margin-right:0px !important;margin-bottom:0px !important;margin-left:0px !important}<\/style><div class=\"stk-column-wrapper stk-block-column__content stk-container stk-krc6pys-container stk--no-background stk--no-padding\"><div class=\"stk-block-content stk-inner-blocks stk-krc6pys-inner-blocks\"><p><\/p><figure class=\"wp-block-image size-full\"><img loading=\"lazy\" decoding=\"async\" width=\"1200\" height=\"1600\" class=\"wp-image-1309\" src=\"http:\/\/sheilamanicure-com.preview-domain.com\/wp-content\/uploads\/2024\/02\/2c19a29f-182a-495e-b302-8f24e15c2196.jpeg\" alt=\"\" srcset=\"https:\/\/sheilamanicure.com\/wp-content\/uploads\/2024\/02\/2c19a29f-182a-495e-b302-8f24e15c2196.jpeg 1200w, https:\/\/sheilamanicure.com\/wp-content\/uploads\/2024\/02\/2c19a29f-182a-495e-b302-8f24e15c2196-225x300.jpeg 225w, https:\/\/sheilamanicure.com\/wp-content\/uploads\/2024\/02\/2c19a29f-182a-495e-b302-8f24e15c2196-768x1024.jpeg 768w, https:\/\/sheilamanicure.com\/wp-content\/uploads\/2024\/02\/2c19a29f-182a-495e-b302-8f24e15c2196-1152x1536.jpeg 1152w, https:\/\/sheilamanicure.com\/wp-content\/uploads\/2024\/02\/2c19a29f-182a-495e-b302-8f24e15c2196-300x400.jpeg 300w, https:\/\/sheilamanicure.com\/wp-content\/uploads\/2024\/02\/2c19a29f-182a-495e-b302-8f24e15c2196-600x800.jpeg 600w\" sizes=\"(max-width: 1200px) 100vw, 1200px\" \/><\/figure><p><\/p><p><\/p><div id=\"campeonato-internacional-cosmobeauty-barcelona-2022\" class=\"wp-block-stackable-heading stk-block-heading stk-block-heading--v2 stk-block stk-lv7684c\" data-block-id=\"lv7684c\"><style>.stk-lv7684c{padding-top:0px !important;padding-right:0px !important;padding-bottom:0px !important;padding-left:0px !important;margin-top:10px !important;margin-bottom:10px !important}<\/style><h5 class=\"stk-block-heading__text has-text-align-center\">Campeonato internacional cosmobeauty Barcelona 2022<\/h5><\/div><p><\/p><p><\/p><div class=\"wp-block-stackable-text stk-block-text stk-block stk-41xfo7w\" data-block-id=\"41xfo7w\"><style>.stk-41xfo7w .stk-block-text__text{color:#aaaaaa !important}<\/style><p class=\"stk-block-text__text has-text-color has-text-align-center\">\u00a0<\/p><\/div><p><\/p><\/div><\/div><\/div><p><\/p><\/div><\/div><p><\/p><p><\/p><div class=\"wp-block-stackable-spacer stk-block-spacer stk--no-padding stk-block stk-ilf4q3c\" data-block-id=\"ilf4q3c\"><style>.stk-ilf4q3c{height:50px !important}<\/style><\/div><p><\/p>\t\t\t\t\t\t\t\t<\/div>\n\t\t\t\t\t<\/div>\n\t\t\t\t<\/div>\n\t\t<div class=\"elementor-element elementor-element-b8c8c9b e-grid e-con-boxed e-con e-parent\" data-id=\"b8c8c9b\" data-element_type=\"container\" data-e-type=\"container\">\n\t\t\t\t\t<div class=\"e-con-inner\">\n\t\t\t\t\t\t\t\n\t\t\t<img class=\"e-image-base \" \n\t\t\t\t\tdata-interaction-id=\"bba4b6e\" \n\t\t \n\t\t \n\t\t\t\t\t\t\t\t\tid=\"4167\"\n\t\t\t\t\t\t\t\t\t\t\t\tsrc=\"https:\/\/sheilamanicure.com\/wp-content\/uploads\/2026\/05\/IMG_7498-100x100.jpg\"\n\t\t\t\t\t\t\t\t\t\t\t\twidth=\"100\"\n\t\t\t\t\t\t\t\t\t\t\t\theight=\"100\"\n\t\t\t\t\t\t\t\t\t\t\t\tsrcset=\"https:\/\/sheilamanicure.com\/wp-content\/uploads\/2026\/05\/IMG_7498-100x100.jpg 100w, https:\/\/sheilamanicure.com\/wp-content\/uploads\/2026\/05\/IMG_7498-150x150.jpg 150w, https:\/\/sheilamanicure.com\/wp-content\/uploads\/2026\/05\/IMG_7498-300x300.jpg 300w\"\n\t\t\t\t\t\t\t\t\t\t\t\talt=\"\"\n\t\t\t\t\t\t\/>\n\t\t\t\t\t\t\t\t\n\t\t\t<img class=\"e-image-base e-57590ab-76d14ae\" \n\t\t\t\t\tdata-interaction-id=\"57590ab\" \n\t\t \n\t\t \n\t\t\t\t\t\t\t\t\tid=\"4169\"\n\t\t\t\t\t\t\t\t\t\t\t\tsrc=\"https:\/\/sheilamanicure.com\/wp-content\/uploads\/2026\/05\/IMG_7502-100x100.jpg\"\n\t\t\t\t\t\t\t\t\t\t\t\twidth=\"100\"\n\t\t\t\t\t\t\t\t\t\t\t\theight=\"100\"\n\t\t\t\t\t\t\t\t\t\t\t\tsrcset=\"https:\/\/sheilamanicure.com\/wp-content\/uploads\/2026\/05\/IMG_7502-100x100.jpg 100w, https:\/\/sheilamanicure.com\/wp-content\/uploads\/2026\/05\/IMG_7502-150x150.jpg 150w, https:\/\/sheilamanicure.com\/wp-content\/uploads\/2026\/05\/IMG_7502-300x300.jpg 300w\"\n\t\t\t\t\t\t\t\t\t\t\t\talt=\"\"\n\t\t\t\t\t\t\/>\n\t\t\t\t\t\t\t\t\n\t\t\t<img class=\"e-image-base \" \n\t\t\t\t\tdata-interaction-id=\"cd213d0\" \n\t\t \n\t\t \n\t\t\t\t\t\t\t\t\tid=\"4168\"\n\t\t\t\t\t\t\t\t\t\t\t\tsrc=\"https:\/\/sheilamanicure.com\/wp-content\/uploads\/2026\/05\/IMG_7500-100x100.jpg\"\n\t\t\t\t\t\t\t\t\t\t\t\twidth=\"100\"\n\t\t\t\t\t\t\t\t\t\t\t\theight=\"100\"\n\t\t\t\t\t\t\t\t\t\t\t\tsrcset=\"https:\/\/sheilamanicure.com\/wp-content\/uploads\/2026\/05\/IMG_7500-100x100.jpg 100w, https:\/\/sheilamanicure.com\/wp-content\/uploads\/2026\/05\/IMG_7500-150x150.jpg 150w, https:\/\/sheilamanicure.com\/wp-content\/uploads\/2026\/05\/IMG_7500-300x300.jpg 300w\"\n\t\t\t\t\t\t\t\t\t\t\t\talt=\"\"\n\t\t\t\t\t\t\/>\n\t\t\t\t\t\t\t\t\n\t\t\t<img class=\"e-image-base \" \n\t\t\t\t\tdata-interaction-id=\"205b00f\" \n\t\t \n\t\t \n\t\t\t\t\t\t\t\t\tid=\"4170\"\n\t\t\t\t\t\t\t\t\t\t\t\tsrc=\"https:\/\/sheilamanicure.com\/wp-content\/uploads\/2026\/05\/IMG_7504-100x100.jpg\"\n\t\t\t\t\t\t\t\t\t\t\t\twidth=\"100\"\n\t\t\t\t\t\t\t\t\t\t\t\theight=\"100\"\n\t\t\t\t\t\t\t\t\t\t\t\tsrcset=\"https:\/\/sheilamanicure.com\/wp-content\/uploads\/2026\/05\/IMG_7504-100x100.jpg 100w, https:\/\/sheilamanicure.com\/wp-content\/uploads\/2026\/05\/IMG_7504-150x150.jpg 150w, https:\/\/sheilamanicure.com\/wp-content\/uploads\/2026\/05\/IMG_7504-300x300.jpg 300w\"\n\t\t\t\t\t\t\t\t\t\t\t\talt=\"\"\n\t\t\t\t\t\t\/>\n\t\t\t\t\t\t\t\t\n\t\t\t<img class=\"e-image-base \" \n\t\t\t\t\tdata-interaction-id=\"2a8c2f8\" \n\t\t \n\t\t \n\t\t\t\t\t\t\t\t\tid=\"4171\"\n\t\t\t\t\t\t\t\t\t\t\t\tsrc=\"https:\/\/sheilamanicure.com\/wp-content\/uploads\/2026\/05\/IMG_7503-100x100.jpg\"\n\t\t\t\t\t\t\t\t\t\t\t\twidth=\"100\"\n\t\t\t\t\t\t\t\t\t\t\t\theight=\"100\"\n\t\t\t\t\t\t\t\t\t\t\t\tsrcset=\"https:\/\/sheilamanicure.com\/wp-content\/uploads\/2026\/05\/IMG_7503-100x100.jpg 100w, https:\/\/sheilamanicure.com\/wp-content\/uploads\/2026\/05\/IMG_7503-150x150.jpg 150w, https:\/\/sheilamanicure.com\/wp-content\/uploads\/2026\/05\/IMG_7503-300x300.jpg 300w\"\n\t\t\t\t\t\t\t\t\t\t\t\talt=\"\"\n\t\t\t\t\t\t\/>\n\t\t\t\t\t\t<\/div>\n\t\t\t\t<\/div>\n\t\t\t\t<div class=\"elementor-element elementor-element-96778f4 e-con e-atomic-element e-flexbox-base\" data-id=\"96778f4\" data-element_type=\"e-flexbox\" data-e-type=\"e-flexbox\" data-interaction-id=\"96778f4\">\n\t\t\t\t\t\t\t\t<p class=\"e-paragraph-base\" data-interaction-id=\"afe3758\"  >\n\t\t\t\t\t\t\t\tEn enero del  2025 volv\u00ed a competir en beauty valencia esta vez embarazada de 5 meses y me llev\u00e9 8 medallitas m\u00e1s <br><br>Asist\u00ed en junio al congress nails y esta vez obtuvimos el certificado THE Q NAILS (verificaci\u00f3n certificado de calidad y excelencia del sal\u00f3n)<br><br>2026 enero beauty valencia formo a mi primer equipo de campeonato LA TRIBU DEL NAIL ART en total nos llevamos 26 premios <br>8 de ellos m\u00edos (definitivamente mi numero es el 8 en campeonatos )<br> <br>2027... (continuar\u00e1)<br>\n\t\t\t\t\t<\/p>\n\t\t\t\t<\/div>\t\t<\/div>\n\t\t","protected":false},"excerpt":{"rendered":"<p>Soy Sheila Barriga . Llevo muchos a\u00f1os en este sector, dedic\u00e1ndome con pasi\u00f3n y entrega a mi labor como emprendedora. Hace 8 a\u00f1os, decid\u00ed tomar las riendas de mi propio negocio y emprender por cuenta propia y as\u00ed naci\u00f3 SHEILA MANICURE ACADEMY Me apasiona mi trabajo y disfruto cada d\u00eda de las responsabilidades y desaf\u00edos&hellip;<\/p>\n","protected":false},"author":1,"featured_media":1077,"parent":0,"menu_order":-50,"comment_status":"closed","ping_status":"closed","template":"","meta":{"om_disable_all_campaigns":false,"_monsterinsights_skip_tracking":false,"_monsterinsights_sitenote_active":false,"_monsterinsights_sitenote_note":"","_monsterinsights_sitenote_category":0,"footnotes":""},"class_list":["post-628","page","type-page","status-publish","has-post-thumbnail","hentry"],"aioseo_notices":[],"jetpack_likes_enabled":true,"jetpack_sharing_enabled":true,"_links":{"self":[{"href":"https:\/\/sheilamanicure.com\/index.php?rest_route=\/wp\/v2\/pages\/628"}],"collection":[{"href":"https:\/\/sheilamanicure.com\/index.php?rest_route=\/wp\/v2\/pages"}],"about":[{"href":"https:\/\/sheilamanicure.com\/index.php?rest_route=\/wp\/v2\/types\/page"}],"author":[{"embeddable":true,"href":"https:\/\/sheilamanicure.com\/index.php?rest_route=\/wp\/v2\/users\/1"}],"replies":[{"embeddable":true,"href":"https:\/\/sheilamanicure.com\/index.php?rest_route=%2Fwp%2Fv2%2Fcomments&post=628"}],"version-history":[{"count":27,"href":"https:\/\/sheilamanicure.com\/index.php?rest_route=\/wp\/v2\/pages\/628\/revisions"}],"predecessor-version":[{"id":4174,"href":"https:\/\/sheilamanicure.com\/index.php?rest_route=\/wp\/v2\/pages\/628\/revisions\/4174"}],"wp:featuredmedia":[{"embeddable":true,"href":"https:\/\/sheilamanicure.com\/index.php?rest_route=\/wp\/v2\/media\/1077"}],"wp:attachment":[{"href":"https:\/\/sheilamanicure.com\/index.php?rest_route=%2Fwp%2Fv2%2Fmedia&parent=628"}],"curies":[{"name":"wp","href":"https:\/\/api.w.org\/{rel}","templated":true}]}}