{"id":626,"date":"2022-01-19T09:40:27","date_gmt":"2022-01-19T09:40:27","guid":{"rendered":"https:\/\/demo.creativethemes.com\/stagingthree\/?page_id=626"},"modified":"2025-08-27T22:44:58","modified_gmt":"2025-08-27T20:44:58","slug":"inicio","status":"publish","type":"page","link":"https:\/\/sheilamanicure.com\/","title":{"rendered":"Inicio"},"content":{"rendered":"<figure class=\"wp-block-gallery alignfull has-nested-images columns-default is-cropped wp-block-gallery-1 is-layout-flex wp-block-gallery-is-layout-flex\"><figure class=\"wp-block-image size-large\"><img loading=\"lazy\" decoding=\"async\" width=\"1024\" height=\"585\" data-id=\"1611\" src=\"https:\/\/sheilamanicure.com\/wp-content\/uploads\/2024\/02\/Copia-de-Light-Green-Watercolor-with-Flowers-Business-Card-1-1024x585.png\" alt=\"\" class=\"wp-image-1611\" srcset=\"https:\/\/sheilamanicure.com\/wp-content\/uploads\/2024\/02\/Copia-de-Light-Green-Watercolor-with-Flowers-Business-Card-1-1024x585.png 1024w, https:\/\/sheilamanicure.com\/wp-content\/uploads\/2024\/02\/Copia-de-Light-Green-Watercolor-with-Flowers-Business-Card-1-300x171.png 300w, https:\/\/sheilamanicure.com\/wp-content\/uploads\/2024\/02\/Copia-de-Light-Green-Watercolor-with-Flowers-Business-Card-1-768x439.png 768w, https:\/\/sheilamanicure.com\/wp-content\/uploads\/2024\/02\/Copia-de-Light-Green-Watercolor-with-Flowers-Business-Card-1-600x343.png 600w, https:\/\/sheilamanicure.com\/wp-content\/uploads\/2024\/02\/Copia-de-Light-Green-Watercolor-with-Flowers-Business-Card-1.png 1050w\" sizes=\"(max-width: 1024px) 100vw, 1024px\" \/><\/figure><\/figure><div class=\"wp-block-stackable-feature-grid alignwide stk-block-feature-grid stk-block-columns stk-block stk-5eb15a5 is-style-default\" data-block-id=\"5eb15a5\"><style>.stk-5eb15a5 {margin-bottom:0px !important;}<\/style><div class=\"stk-row stk-inner-blocks has-text-align-center stk-block-content stk-content-align stk-5eb15a5-column alignwide\"><div class=\"wp-block-stackable-column stk-block-column stk-column stk-block stk-8b8e012\" data-v=\"4\" data-block-id=\"8b8e012\"><style>@media screen and (min-width:690px){.stk-8b8e012 {flex:var(--stk-flex-grow, 1) 1 calc(49.4% - var(--stk-column-gap, 0px) * 1 \/ 2 ) !important;}}<\/style><div class=\"stk-column-wrapper stk-block-column__content stk-container stk-8b8e012-container stk-hover-parent\"><div class=\"stk-block-content stk-inner-blocks stk-8b8e012-inner-blocks\"><div class=\"wp-block-stackable-image stk-block-image stk-block stk-0f8c414\" data-block-id=\"0f8c414\"><figure><span class=\"stk-img-wrapper stk-image--shape-stretch\"><img loading=\"lazy\" decoding=\"async\" class=\"stk-img wp-image-2494\" src=\"https:\/\/sheilamanicure.com\/wp-content\/uploads\/2025\/04\/Copia-de-Copia-de-Historia-para-Instagram-Curso-Online-Marketing-Digital-Fotografico-Blanco.png\" width=\"1080\" height=\"1920\" srcset=\"https:\/\/sheilamanicure.com\/wp-content\/uploads\/2025\/04\/Copia-de-Copia-de-Historia-para-Instagram-Curso-Online-Marketing-Digital-Fotografico-Blanco.png 1080w, https:\/\/sheilamanicure.com\/wp-content\/uploads\/2025\/04\/Copia-de-Copia-de-Historia-para-Instagram-Curso-Online-Marketing-Digital-Fotografico-Blanco-169x300.png 169w, https:\/\/sheilamanicure.com\/wp-content\/uploads\/2025\/04\/Copia-de-Copia-de-Historia-para-Instagram-Curso-Online-Marketing-Digital-Fotografico-Blanco-576x1024.png 576w, https:\/\/sheilamanicure.com\/wp-content\/uploads\/2025\/04\/Copia-de-Copia-de-Historia-para-Instagram-Curso-Online-Marketing-Digital-Fotografico-Blanco-768x1365.png 768w, https:\/\/sheilamanicure.com\/wp-content\/uploads\/2025\/04\/Copia-de-Copia-de-Historia-para-Instagram-Curso-Online-Marketing-Digital-Fotografico-Blanco-864x1536.png 864w, https:\/\/sheilamanicure.com\/wp-content\/uploads\/2025\/04\/Copia-de-Copia-de-Historia-para-Instagram-Curso-Online-Marketing-Digital-Fotografico-Blanco-300x533.png 300w, https:\/\/sheilamanicure.com\/wp-content\/uploads\/2025\/04\/Copia-de-Copia-de-Historia-para-Instagram-Curso-Online-Marketing-Digital-Fotografico-Blanco-600x1067.png 600w\" sizes=\"(max-width: 1080px) 100vw, 1080px\" \/><\/span><\/figure><\/div>\n\n<div class=\"wp-block-stackable-heading stk-block-heading stk-block-heading--v2 stk-block stk-648c2bb\" id=\"formacion-especializada\" data-block-id=\"648c2bb\"><h3 class=\"stk-block-heading__text\">Formaci\u00f3n especializada<\/h3><\/div>\n\n<p>Adem\u00e1s de ofrecer productos de u\u00f1as de calidad, tambi\u00e9n brindamos servicios de formaci\u00f3n especializada. Nuestro equipo de expertos en u\u00f1as est\u00e1 dedicado a compartir su conocimiento y experiencia con nuestros clientes.<\/p>\n\n<p>Ofrecemos una variedad de cursos de formaci\u00f3n que abarcan desde t\u00e9cnicas b\u00e1sicas hasta t\u00e9cnicas avanzadas de dise\u00f1o de u\u00f1as. Nuestros cursos est\u00e1n dise\u00f1ados para adaptarse a diferentes niveles de habilidad y ofrecen una combinaci\u00f3n de teor\u00eda y pr\u00e1ctica para garantizar un aprendizaje completo.<\/p>\n\n<p>Creemos que la formaci\u00f3n continua es esencial en la industria de las u\u00f1as, ya que las tendencias y las t\u00e9cnicas est\u00e1n en constante evoluci\u00f3n. Nuestros cursos de actualizaci\u00f3n est\u00e1n dise\u00f1ados para ayudar a los profesionales de las u\u00f1as a mantenerse al d\u00eda con las \u00faltimas tendencias y ofrecer servicios de alta calidad a sus clientes.<\/p>\n\n<div class=\"wp-block-stackable-button-group stk-block-button-group stk-block stk-3b08521\" data-block-id=\"3b08521\"><div class=\"stk-row stk-inner-blocks stk-block-content stk-button-group\"><div class=\"wp-block-stackable-button stk-block-button is-style-plain stk-block stk-c2341cf stk-block-background\" data-block-id=\"c2341cf\"><style>.stk-c2341cf {background-color:var(--theme-palette-color-1, #CFA4F2) !important;flex:1 0 var(--stk-button-group-flex-wrap, 0) !important;}.stk-c2341cf:before{background-color:var(--theme-palette-color-1, #CFA4F2) !important;}.stk-c2341cf , .stk-c2341cf .stk-button{width:100% !important;}.stk-c2341cf .stk-button{min-height:0px !important;background:var(--theme-palette-color-1, #CFA4F2) !important;}.stk-c2341cf .stk-button .stk--inner-svg svg:last-child{height:27px !important;width:27px !important;}.stk-c2341cf .stk-button__inner-text{color:var(--theme-palette-color-8, #ffffff) !important;}<\/style><a class=\"stk-link stk-button stk--hover-effect-darken\" href=\"https:\/\/sheilamanicure.com\/?page_id=303\"><span class=\"has-text-color stk-button__inner-text\">FORMACIONES<\/span><\/a><\/div><\/div><\/div><\/div><\/div><\/div>\n\n<div class=\"wp-block-stackable-column stk-block-column stk-column stk-block stk-699a9be\" data-v=\"4\" data-block-id=\"699a9be\"><style>@media screen and (min-width:690px){.stk-699a9be {flex:var(--stk-flex-grow, 1) 1 calc(50.6% - var(--stk-column-gap, 0px) * 1 \/ 2 ) !important;}}<\/style><div class=\"stk-column-wrapper stk-block-column__content stk-container stk-699a9be-container stk-hover-parent\"><div class=\"stk-block-content stk-inner-blocks stk-699a9be-inner-blocks\"><div class=\"wp-block-stackable-image stk-block-image stk-block stk-6f3956f\" data-block-id=\"6f3956f\"><style>.stk-6f3956f {margin-bottom:0px !important;}.stk-6f3956f .stk-img-wrapper{width:95% !important;height:450px !important;}<\/style><figure><span class=\"stk-img-wrapper stk-image--shape-stretch\"><img loading=\"lazy\" decoding=\"async\" class=\"stk-img wp-image-1466\" src=\"https:\/\/sheilamanicure.com\/wp-content\/uploads\/2024\/02\/IMG_4528.jpeg\" width=\"815\" height=\"1176\" srcset=\"https:\/\/sheilamanicure.com\/wp-content\/uploads\/2024\/02\/IMG_4528.jpeg 815w, https:\/\/sheilamanicure.com\/wp-content\/uploads\/2024\/02\/IMG_4528-208x300.jpeg 208w, https:\/\/sheilamanicure.com\/wp-content\/uploads\/2024\/02\/IMG_4528-710x1024.jpeg 710w, https:\/\/sheilamanicure.com\/wp-content\/uploads\/2024\/02\/IMG_4528-768x1108.jpeg 768w, https:\/\/sheilamanicure.com\/wp-content\/uploads\/2024\/02\/IMG_4528-300x433.jpeg 300w, https:\/\/sheilamanicure.com\/wp-content\/uploads\/2024\/02\/IMG_4528-600x866.jpeg 600w\" sizes=\"(max-width: 815px) 100vw, 815px\" \/><\/span><\/figure><\/div>\n\n<h2 class=\"wp-block-heading\">Productos de u\u00f1as de calidad<\/h2>\n\n<p>Contamos con una selecci\u00f3n cuidadosamente curada de productos de u\u00f1as de alta calidad. Desde esmaltes de u\u00f1as en una variedad de colores vibrantes hasta herramientas y accesorios profesionales, tenemos todo lo necesario para crear dise\u00f1os de u\u00f1as impresionantes.<\/p>\n\n<p>Nuestros productos est\u00e1n dise\u00f1ados para ofrecer resultados duraderos y de calidad profesional. Trabajamos con marcas reconocidas en la industria de las u\u00f1as para garantizar la satisfacci\u00f3n de nuestros clientes.<\/p>\n\n<div class=\"wp-block-stackable-button-group stk-block-button-group stk-block stk-2963c92 stk-block-background\" data-block-id=\"2963c92\"><style>.stk-2963c92 {background-color:var(--theme-palette-color-1, #CFA4F2) !important;}.stk-2963c92:before{background-color:var(--theme-palette-color-1, #CFA4F2) !important;}<\/style><div class=\"stk-row stk-inner-blocks stk-block-content stk-button-group\"><div class=\"wp-block-stackable-button stk-block-button is-style-link stk-block stk-9e04da3\" data-block-id=\"9e04da3\"><style>.stk-9e04da3 .stk-button .stk--inner-svg svg:last-child{height:0px !important;width:0px !important;}.stk-9e04da3 .stk-button__inner-text{color:var(--theme-palette-color-8, #ffffff) !important;}<\/style><a class=\"stk-link stk-button stk--hover-effect-darken\" href=\"https:\/\/sheilamanicure.com\/?post_type=product\"><span class=\"has-text-color stk-button__inner-text\">PRODUCTOS<\/span><\/a><\/div><\/div><\/div><\/div><\/div><\/div><\/div><\/div><div class=\"wp-block-stackable-heading stk-block-heading stk-block-heading--v2 stk-block stk-487d234 stk-block-background stk--has-background-overlay\" data-block-id=\"487d234\"><style>.stk-487d234 {background-color:linear-gradient(-225deg, #E3FDF5 0%, #FFE6FA 100%) !important;margin-bottom:0px !important;}.stk-487d234:before{background-image:linear-gradient(-225deg, #E3FDF5 0%, #FFE6FA 100%) !important;}<\/style><h2 class=\"stk-block-heading__text has-text-align-center has-text-align-center-mobile\"><\/h2><\/div>","protected":false},"excerpt":{"rendered":"<p>20% launch discount, specialized nail training, and quality products.<\/p>\n","protected":false},"author":1,"featured_media":0,"parent":509,"menu_order":-200,"comment_status":"closed","ping_status":"closed","template":"","meta":{"om_disable_all_campaigns":false,"_monsterinsights_skip_tracking":false,"_monsterinsights_sitenote_active":false,"_monsterinsights_sitenote_note":"","_monsterinsights_sitenote_category":0,"footnotes":""},"class_list":["post-626","page","type-page","status-publish","hentry"],"blocksy_meta":{"styles_descriptor":{"styles":{"desktop":"","tablet":"","mobile":""},"google_fonts":[],"version":6},"page_title_panel":"","has_hero_section":"disabled","bf90c7e73d622f09d932d9ede19291af":"","hero_section":"type-1","hero_elements":[{"id":"custom_title","enabled":true,"heading_tag":"h1","title":"Home"},{"id":"custom_description","enabled":true,"description_visibility":{"desktop":true,"tablet":true,"mobile":false}},{"id":"custom_meta","enabled":false,"meta_elements":[{"id":"author","enabled":true,"label":"By","has_author_avatar":"yes","avatar_size":25},{"id":"post_date","enabled":true,"label":"On","date_format_source":"default","date_format":"M j, Y"},{"id":"updated_date","enabled":false,"label":"On","date_format_source":"default","date_format":"M j, Y"},{"id":"categories","enabled":false,"label":"In","style":"simple"},{"id":"comments","enabled":true}],"page_meta_elements":{"joined":true,"articles_count":true,"comments":true}},{"id":"breadcrumbs","enabled":false}],"1bb936d050d98091a01b6fe26c3bcfc6":"","hero_alignment1":"CT_CSS_SKIP_RULE","hero_margin":40,"hero_alignment2":"center","hero_vertical_alignment":"center","4083872c41a9a77d9a0de84fb191e85a":"","hero_structure":"narrow","0f469cf3d78f3f4115a0e26ec9b92140":"","page_title_bg_type":"featured_image","custom_hero_background":{"attachment_id":null},"parallax":{"desktop":false,"tablet":false,"mobile":false},"59defdb16ba91b9e3144b676805bbc2e":"","hero_height":"250px","pageTitleFont":{"family":"Default","variation":"Default","size":"30px","line-height":"CT_CSS_SKIP_RULE","letter-spacing":"CT_CSS_SKIP_RULE","text-transform":"CT_CSS_SKIP_RULE","text-decoration":"CT_CSS_SKIP_RULE"},"pageTitleFontColor":{"default":{"color":"CT_CSS_SKIP_RULEDEFAULT"}},"pageMetaFont":{"family":"Default","variation":"n6","size":"12px","line-height":"1.3","letter-spacing":"CT_CSS_SKIP_RULE","text-transform":"uppercase","text-decoration":"CT_CSS_SKIP_RULE"},"pageMetaFontColor":{"default":{"color":"CT_CSS_SKIP_RULEDEFAULT"},"hover":{"color":"CT_CSS_SKIP_RULEDEFAULT"}},"page_meta_button_type_font_colors":{"default":{"color":"CT_CSS_SKIP_RULEDEFAULT"},"hover":{"color":"CT_CSS_SKIP_RULEDEFAULT"}},"page_meta_button_type_background_colors":{"default":{"color":"CT_CSS_SKIP_RULEDEFAULT"},"hover":{"color":"CT_CSS_SKIP_RULEDEFAULT"}},"pageExcerptFont":{"family":"Default","variation":"Default","size":"CT_CSS_SKIP_RULE","line-height":"CT_CSS_SKIP_RULE","letter-spacing":"CT_CSS_SKIP_RULE","text-transform":"CT_CSS_SKIP_RULE","text-decoration":"CT_CSS_SKIP_RULE"},"pageExcerptColor":{"default":{"color":"CT_CSS_SKIP_RULEDEFAULT"}},"breadcrumbsFont":{"family":"Default","variation":"Default","size":"CT_CSS_SKIP_RULE","line-height":"CT_CSS_SKIP_RULE","letter-spacing":"CT_CSS_SKIP_RULE","text-transform":"CT_CSS_SKIP_RULE","text-decoration":"CT_CSS_SKIP_RULE"},"breadcrumbsFontColor":{"default":{"color":"CT_CSS_SKIP_RULEDEFAULT"},"initial":{"color":"CT_CSS_SKIP_RULEDEFAULT"},"hover":{"color":"CT_CSS_SKIP_RULEDEFAULT"}},"pageTitleOverlay":{"background_type":"color","background_pattern":"type-1","background_image":{"attachment_id":null,"x":0,"y":0},"gradient":"linear-gradient(135deg,rgba(6,147,227,1) 0%,rgb(155,81,224) 100%)","background_repeat":"repeat","background_size":"auto","background_attachment":"scroll","patternColor":{"default":{"color":"#e5e7ea"}},"overlayColor":{"default":{"color":"CT_CSS_SKIP_RULE"}},"backgroundColor":{"default":{"color":"CT_CSS_SKIP_RULE"}}},"pageTitleBackground":{"background_type":"color","background_pattern":"type-1","background_image":{"attachment_id":null,"x":0,"y":0},"gradient":"linear-gradient(135deg,rgba(6,147,227,1) 0%,rgb(155,81,224) 100%)","background_repeat":"repeat","background_size":"auto","background_attachment":"scroll","patternColor":{"default":{"color":"#e5e7ea"}},"overlayColor":{"default":{"color":"CT_CSS_SKIP_RULE"}},"backgroundColor":{"default":{"color":"var(--theme-palette-color-6)"}}},"pageTitlePadding":{"top":"50px","bottom":"50px","left":"auto","right":"auto","linked":true},"42350a7d4ce21a9bf76577a7a5bcdb35":"","page_structure_type":"default","f961df5b9423e83f30241b6274644288":"","content_style_source":"inherit","content_style":"wide","vertical_spacing_source":"custom","content_area_spacing":"none","background":{"background_type":"color","background_pattern":"type-1","background_image":{"attachment_id":null,"x":0,"y":0},"gradient":"linear-gradient(135deg,rgba(6,147,227,1) 0%,rgb(155,81,224) 100%)","background_repeat":"repeat","background_size":"auto","background_attachment":"scroll","patternColor":{"default":{"color":"#e5e7ea"}},"overlayColor":{"default":{"color":"CT_CSS_SKIP_RULE"}},"backgroundColor":{"default":{"color":"CT_CSS_SKIP_RULE"}}},"content_background":{"background_type":"color","background_pattern":"type-1","background_image":{"attachment_id":null,"x":0,"y":0},"gradient":"linear-gradient(135deg,rgba(6,147,227,1) 0%,rgb(155,81,224) 100%)","background_repeat":"repeat","background_size":"auto","background_attachment":"scroll","patternColor":{"default":{"color":"#e5e7ea"}},"overlayColor":{"default":{"color":"CT_CSS_SKIP_RULE"}},"backgroundColor":{"default":{"color":"var(--theme-palette-color-8)"}}},"content_boxed_shadow":{"inherit":false,"blur":18,"spread":-6,"v_offset":12,"h_offset":0,"inset":false,"enable":true,"color":{"color":"rgba(34, 56, 101, 0.04)"}},"boxed_content_spacing":{"desktop":{"top":"40px","bottom":"40px","left":"40px","right":"40px","linked":true},"tablet":{"top":"35px","bottom":"35px","left":"35px","right":"35px","linked":true},"mobile":{"top":"20px","bottom":"20px","left":"20px","right":"20px","linked":true}},"content_boxed_radius":{"top":"3px","bottom":"3px","left":"3px","right":"3px","linked":true},"6afeef3dc722849cc4012b426af9ed26":"","disable_featured_image":"no","disable_share_box":"no","disable_header":"no","disable_footer":"no"},"aioseo_notices":[],"jetpack_likes_enabled":true,"jetpack_sharing_enabled":true,"_links":{"self":[{"href":"https:\/\/sheilamanicure.com\/index.php?rest_route=\/wp\/v2\/pages\/626"}],"collection":[{"href":"https:\/\/sheilamanicure.com\/index.php?rest_route=\/wp\/v2\/pages"}],"about":[{"href":"https:\/\/sheilamanicure.com\/index.php?rest_route=\/wp\/v2\/types\/page"}],"author":[{"embeddable":true,"href":"https:\/\/sheilamanicure.com\/index.php?rest_route=\/wp\/v2\/users\/1"}],"replies":[{"embeddable":true,"href":"https:\/\/sheilamanicure.com\/index.php?rest_route=%2Fwp%2Fv2%2Fcomments&post=626"}],"version-history":[{"count":78,"href":"https:\/\/sheilamanicure.com\/index.php?rest_route=\/wp\/v2\/pages\/626\/revisions"}],"predecessor-version":[{"id":3003,"href":"https:\/\/sheilamanicure.com\/index.php?rest_route=\/wp\/v2\/pages\/626\/revisions\/3003"}],"up":[{"embeddable":true,"href":"https:\/\/sheilamanicure.com\/index.php?rest_route=\/wp\/v2\/pages\/509"}],"wp:attachment":[{"href":"https:\/\/sheilamanicure.com\/index.php?rest_route=%2Fwp%2Fv2%2Fmedia&parent=626"}],"curies":[{"name":"wp","href":"https:\/\/api.w.org\/{rel}","templated":true}]}}