{"id":303,"date":"2021-04-12T17:17:19","date_gmt":"2021-04-12T17:17:19","guid":{"rendered":"https:\/\/demo.creativethemes.com\/blocksy\/homi\/?page_id=303"},"modified":"2024-10-27T21:50:01","modified_gmt":"2024-10-27T20:50:01","slug":"blog","status":"publish","type":"page","link":"https:\/\/sheilamanicure.com\/?page_id=303","title":{"rendered":"Academia"},"content":{"rendered":"<div class=\"wp-block-stackable-columns alignwide stk-block-columns stk-block stk-88ea420\" data-block-id=\"88ea420\"><div class=\"stk-row stk-inner-blocks stk-block-content stk-content-align stk-88ea420-column alignwide\"><div class=\"wp-block-stackable-column stk-block-column stk-column stk-block stk-16d8e9b\" data-v=\"4\" data-block-id=\"16d8e9b\"><div class=\"stk-column-wrapper stk-block-column__content stk-container stk-16d8e9b-container stk--no-background stk--no-padding\"><div class=\"stk-block-content stk-inner-blocks stk-16d8e9b-inner-blocks\"><div class=\"wp-block-stackable-heading stk-block-heading stk-block-heading--v2 stk-block stk-944f3da stk-block-background stk--has-background-overlay\" id=\"formaciones\" data-block-id=\"944f3da\"><style>.stk-944f3da {background-color:linear-gradient(-225deg, #E3FDF5 0%, #FFE6FA 100%) !important;}.stk-944f3da:before{background-image:linear-gradient(-225deg, #E3FDF5 0%, #FFE6FA 100%) !important;}<\/style><h2 class=\"stk-block-heading__text has-text-align-center\">Formaciones<\/h2><\/div>\n\n<div class=\"wp-block-stackable-text stk-block-text stk-block stk-8591724\" data-block-id=\"8591724\"><p class=\"stk-block-text__text has-text-align-center\">Nuestra academia de u\u00f1as es el lugar ideal para todas aquellas personas que deseen adquirir conocimientos y habilidades en el mundo de la manicura. Ofrecemos una amplia variedad de formaciones que se adaptan a todos los niveles, desde principiantes hasta profesionales en busca de perfeccionamiento. <br><\/p><\/div>\n\n<div class=\"wp-block-stackable-text stk-block-text stk-block stk-99f8779\" data-block-id=\"99f8779\"><p class=\"stk-block-text__text has-text-align-center\">Nuestros cursos abarcan desde t\u00e9cnicas b\u00e1sicas de esmaltado y limado, hasta dise\u00f1os m\u00e1s elaborados como nail art y decoraci\u00f3n con piedras y cristales. Contamos con un equipo de profesores altamente cualificados que brindar\u00e1n una ense\u00f1anza personalizada y de calidad. Adem\u00e1s, nuestras instalaciones est\u00e1n equipadas con materiales y herramientas de \u00faltima generaci\u00f3n para que nuestros estudiantes puedan practicar y experimentar con las \u00faltimas tendencias y t\u00e9cnicas del mercado. \u00a1Ven y descubre todo lo que nuestra academia de u\u00f1as tiene para ofrecerte!<\/p><\/div>\n\n<div class=\"wp-block-stackable-columns stk-block-columns stk-block stk-8193d5d\" data-block-id=\"8193d5d\"><div class=\"stk-row stk-inner-blocks stk-block-content stk-content-align stk-8193d5d-column\"><div class=\"wp-block-stackable-column stk-block-column stk-column stk-block stk-6444c3b\" data-v=\"4\" data-block-id=\"6444c3b\"><style>@media screen and (min-width:690px){.stk-6444c3b {flex:var(--stk-flex-grow, 1) 1 calc(33.33% - var(--stk-column-gap, 0px) * 2 \/ 3 ) !important;}}<\/style><div class=\"stk-column-wrapper stk-block-column__content stk-container stk-6444c3b-container stk--no-background stk--no-padding\"><div class=\"stk-block-content stk-inner-blocks stk-6444c3b-inner-blocks\"><div class=\"wp-block-stackable-card stk-block-card stk-block stk-44756df is-style-default\" data-v=\"2\" data-block-id=\"44756df\"><div class=\"stk--no-padding stk-container stk-44756df-container stk-hover-parent\"><figure class=\"stk-block-card__image stk-img-wrapper stk-image--shape-stretch\"><img loading=\"lazy\" decoding=\"async\" class=\"stk-img wp-image-2245\" src=\"https:\/\/sheilamanicure.com\/wp-content\/uploads\/2024\/10\/Poster-Curso-de-Unas-Aesthetic-Beige.png\" width=\"1587\" height=\"2245\" srcset=\"https:\/\/sheilamanicure.com\/wp-content\/uploads\/2024\/10\/Poster-Curso-de-Unas-Aesthetic-Beige.png 1587w, https:\/\/sheilamanicure.com\/wp-content\/uploads\/2024\/10\/Poster-Curso-de-Unas-Aesthetic-Beige-212x300.png 212w, https:\/\/sheilamanicure.com\/wp-content\/uploads\/2024\/10\/Poster-Curso-de-Unas-Aesthetic-Beige-724x1024.png 724w, https:\/\/sheilamanicure.com\/wp-content\/uploads\/2024\/10\/Poster-Curso-de-Unas-Aesthetic-Beige-768x1086.png 768w, https:\/\/sheilamanicure.com\/wp-content\/uploads\/2024\/10\/Poster-Curso-de-Unas-Aesthetic-Beige-1086x1536.png 1086w, https:\/\/sheilamanicure.com\/wp-content\/uploads\/2024\/10\/Poster-Curso-de-Unas-Aesthetic-Beige-1448x2048.png 1448w, https:\/\/sheilamanicure.com\/wp-content\/uploads\/2024\/10\/Poster-Curso-de-Unas-Aesthetic-Beige-300x424.png 300w, https:\/\/sheilamanicure.com\/wp-content\/uploads\/2024\/10\/Poster-Curso-de-Unas-Aesthetic-Beige-1320x1867.png 1320w, https:\/\/sheilamanicure.com\/wp-content\/uploads\/2024\/10\/Poster-Curso-de-Unas-Aesthetic-Beige-600x849.png 600w\" sizes=\"(max-width: 1587px) 100vw, 1587px\" \/><\/figure><div class=\"stk-container-padding stk-block-card__content\"><div class=\"stk-block-content stk-inner-blocks stk-44756df-inner-blocks\"><div class=\"wp-block-stackable-heading stk-block-heading stk-block-heading--v2 stk-block stk-5550959\" id=\"disney\" data-block-id=\"5550959\"><style>.stk-5550959 {margin-bottom:16px !important;}.stk-5550959 .stk-block-heading__text{font-style:italic !important;}<\/style><h3 class=\"stk-block-heading__text\">            Disney<\/h3><\/div>\n\n<div class=\"wp-block-stackable-text stk-block-text stk-block stk-43a05bd\" data-block-id=\"43a05bd\"><style>.stk-43a05bd {margin-bottom:8px !important;}<\/style><p class=\"stk-block-text__text\">La formaci\u00f3n de personajes Disney nail art en u\u00f1as es una t\u00e9cnica creativa y divertida que permite plasmar la magia de los personajes de Disney en nuestras u\u00f1as. Esta formaci\u00f3n te brinda la oportunidad de aprender las diferentes t\u00e9cnicas de dise\u00f1o y decoraci\u00f3n de u\u00f1as para crear incre\u00edbles dise\u00f1os inspirados en tus personajes favoritos de Disney. Desde Mickey Mouse hasta Elsa de Frozen, podr\u00e1s dar vida a tus u\u00f1as con colores vibrantes, detalles precisos y elementos ic\u00f3nicos que har\u00e1n que tus u\u00f1as sean el centro de atenci\u00f3n. Adem\u00e1s, esta formaci\u00f3n te ense\u00f1ar\u00e1 los trucos y consejos necesarios para lograr un acabado profesional y duradero. Si eres amante de Disney y te encanta el nail art, no puedes perderte esta incre\u00edble oportunidad de aprender a crear verdaderas obras de arte en tus u\u00f1as. \u00a1Emb\u00e1rcate en este m\u00e1gico viaje y deja volar tu imaginaci\u00f3n!<\/p><\/div><\/div><\/div><\/div><\/div><\/div><\/div><\/div>\n\n<div class=\"wp-block-stackable-column stk-block-column stk-column stk-block stk-fcdcf42\" data-v=\"4\" data-block-id=\"fcdcf42\"><style>@media screen and (min-width:690px){.stk-fcdcf42 {flex:var(--stk-flex-grow, 1) 1 calc(33.33% - var(--stk-column-gap, 0px) * 2 \/ 3 ) !important;}}<\/style><div class=\"stk-column-wrapper stk-block-column__content stk-container stk-fcdcf42-container stk--no-background stk--no-padding\"><div class=\"stk-block-content stk-inner-blocks stk-fcdcf42-inner-blocks\"><div class=\"wp-block-stackable-card stk-block-card stk-block stk-3fea5b3 is-style-default\" data-v=\"2\" data-block-id=\"3fea5b3\"><div class=\"stk--no-padding stk-container stk-3fea5b3-container stk-hover-parent\"><figure class=\"stk-block-card__image stk-img-wrapper stk-image--shape-stretch\"><img loading=\"lazy\" decoding=\"async\" class=\"stk-img wp-image-2247\" src=\"https:\/\/sheilamanicure.com\/wp-content\/uploads\/2024\/10\/Copia-de-Post-de-instagram-curso-de-belleza-moderno-negro.png\" width=\"1080\" height=\"1080\" srcset=\"https:\/\/sheilamanicure.com\/wp-content\/uploads\/2024\/10\/Copia-de-Post-de-instagram-curso-de-belleza-moderno-negro.png 1080w, https:\/\/sheilamanicure.com\/wp-content\/uploads\/2024\/10\/Copia-de-Post-de-instagram-curso-de-belleza-moderno-negro-300x300.png 300w, https:\/\/sheilamanicure.com\/wp-content\/uploads\/2024\/10\/Copia-de-Post-de-instagram-curso-de-belleza-moderno-negro-1024x1024.png 1024w, https:\/\/sheilamanicure.com\/wp-content\/uploads\/2024\/10\/Copia-de-Post-de-instagram-curso-de-belleza-moderno-negro-150x150.png 150w, https:\/\/sheilamanicure.com\/wp-content\/uploads\/2024\/10\/Copia-de-Post-de-instagram-curso-de-belleza-moderno-negro-768x768.png 768w, https:\/\/sheilamanicure.com\/wp-content\/uploads\/2024\/10\/Copia-de-Post-de-instagram-curso-de-belleza-moderno-negro-600x600.png 600w, https:\/\/sheilamanicure.com\/wp-content\/uploads\/2024\/10\/Copia-de-Post-de-instagram-curso-de-belleza-moderno-negro-100x100.png 100w\" sizes=\"(max-width: 1080px) 100vw, 1080px\" \/><\/figure><div class=\"stk-container-padding stk-block-card__content\"><div class=\"stk-block-content stk-inner-blocks stk-3fea5b3-inner-blocks\"><div class=\"wp-block-stackable-heading stk-block-heading stk-block-heading--v2 stk-block stk-fc795b1\" id=\"iniciacion-manicura\" data-block-id=\"fc795b1\"><style>.stk-fc795b1 {margin-bottom:16px !important;}.stk-fc795b1 .stk-block-heading__text{font-style:italic !important;}<\/style><h3 class=\"stk-block-heading__text\">Iniciaci\u00f3n Manicura<\/h3><\/div>\n\n<div class=\"wp-block-stackable-text stk-block-text stk-block stk-746a7ef\" data-block-id=\"746a7ef\"><style>.stk-746a7ef {margin-bottom:8px !important;}<\/style><p class=\"stk-block-text__text\">Nuestro curso de formaci\u00f3n en manicura y esmaltado permanente te proporcionar\u00e1 las habilidades necesarias para obtener un resultado perfecto con nivelaci\u00f3n. Aprender\u00e1s todas las t\u00e9cnicas profesionales para realizar una manicura impecable y duradera. Nuestros expertos te ense\u00f1ar\u00e1n c\u00f3mo preparar las u\u00f1as, limarlas correctamente y aplicar el esmalte de forma uniforme. Adem\u00e1s, aprender\u00e1s a utilizar productos de alta calidad que garantizar\u00e1n un resultado duradero y brillante. A trav\u00e9s de pr\u00e1cticas guiadas, podr\u00e1s perfeccionar tus habilidades y adquirir confianza en la realizaci\u00f3n de esta t\u00e9cnica. Al finalizar el curso, estar\u00e1s listo para ofrecer un servicio de manicura y esmaltado permanente de calidad a tus clientes. \u00a1No pierdas esta oportunidad de convertirte en un experto en el cuidado de u\u00f1as.<\/p><\/div><\/div><\/div><\/div><\/div><\/div><\/div><\/div>\n\n<div class=\"wp-block-stackable-column stk-block-column stk-column stk-block stk-06014c8\" data-v=\"4\" data-block-id=\"06014c8\"><style>@media screen and (min-width:690px){.stk-06014c8 {flex:var(--stk-flex-grow, 1) 1 calc(33.33% - var(--stk-column-gap, 0px) * 2 \/ 3 ) !important;}}<\/style><div class=\"stk-column-wrapper stk-block-column__content stk-container stk-06014c8-container stk--no-background stk--no-padding\"><div class=\"stk-block-content stk-inner-blocks stk-06014c8-inner-blocks\"><div class=\"wp-block-stackable-card stk-block-card stk-block stk-9da1904 is-style-default\" data-v=\"2\" data-block-id=\"9da1904\"><div class=\"stk--no-padding stk-container stk-9da1904-container stk-hover-parent\"><figure class=\"stk-block-card__image stk-img-wrapper stk-image--shape-stretch\"><img loading=\"lazy\" decoding=\"async\" class=\"stk-img wp-image-1753\" src=\"https:\/\/sheilamanicure.com\/wp-content\/uploads\/2024\/03\/E16DFC18-C1E1-4F68-9707-B902C9FE5E0E.png\" width=\"1080\" height=\"1080\" srcset=\"https:\/\/sheilamanicure.com\/wp-content\/uploads\/2024\/03\/E16DFC18-C1E1-4F68-9707-B902C9FE5E0E.png 1080w, https:\/\/sheilamanicure.com\/wp-content\/uploads\/2024\/03\/E16DFC18-C1E1-4F68-9707-B902C9FE5E0E-300x300.png 300w, https:\/\/sheilamanicure.com\/wp-content\/uploads\/2024\/03\/E16DFC18-C1E1-4F68-9707-B902C9FE5E0E-1024x1024.png 1024w, https:\/\/sheilamanicure.com\/wp-content\/uploads\/2024\/03\/E16DFC18-C1E1-4F68-9707-B902C9FE5E0E-150x150.png 150w, https:\/\/sheilamanicure.com\/wp-content\/uploads\/2024\/03\/E16DFC18-C1E1-4F68-9707-B902C9FE5E0E-768x768.png 768w, https:\/\/sheilamanicure.com\/wp-content\/uploads\/2024\/03\/E16DFC18-C1E1-4F68-9707-B902C9FE5E0E-600x600.png 600w, https:\/\/sheilamanicure.com\/wp-content\/uploads\/2024\/03\/E16DFC18-C1E1-4F68-9707-B902C9FE5E0E-100x100.png 100w\" sizes=\"(max-width: 1080px) 100vw, 1080px\" \/><\/figure><div class=\"stk-container-padding stk-block-card__content\"><div class=\"stk-block-content stk-inner-blocks stk-9da1904-inner-blocks\"><div class=\"wp-block-stackable-heading stk-block-heading stk-block-heading--v2 stk-block stk-56be766\" id=\"iniciacion-manicura-y-estructuras\" data-block-id=\"56be766\"><style>.stk-56be766 {margin-bottom:16px !important;}.stk-56be766 .stk-block-heading__text{font-style:italic !important;letter-spacing:-0.7px !important;}<\/style><h3 class=\"stk-block-heading__text\">Iniciaci\u00f3n manicura y estructuras <\/h3><\/div>\n\n<div class=\"wp-block-stackable-text stk-block-text stk-block stk-f938e9d\" data-block-id=\"f938e9d\"><style>.stk-f938e9d {margin-bottom:8px !important;}<\/style><p class=\"stk-block-text__text\">La formaci\u00f3n intensiva de tres d\u00edas es perfecta para aprender lo b\u00e1sico .<\/p><\/div>\n\n<div class=\"wp-block-stackable-text stk-block-text stk-block stk-0668ef4\" data-block-id=\"0668ef4\"><style>.stk-0668ef4 {margin-bottom:8px !important;}<\/style><p class=\"stk-block-text__text\">Durante el primer d\u00eda, se aprenden las t\u00e9cnicas necesarias para lograr una manicura esmaltada perfecta y una nivelaci\u00f3n impecable, Aplicar esmalte de u\u00f1as de manera profesional, con el objetivo de obtener un acabado impecable y duradero. Los dos d\u00edas siguientes se dedican a la iniciaci\u00f3n al acrygel, una t\u00e9cnica revolucionaria en la industria de las u\u00f1as. Durante estos d\u00edas intensivos, los participantes aprender\u00e1n a utilizar el acrygel de manera efectiva, creando dise\u00f1os y extensiones de u\u00f1as de aspecto natural y duradero. Esta formaci\u00f3n proporciona una base s\u00f3lida para aquellos que desean destacarse en el mundo de la manicura y ofrecer servicios de alta calidad a sus clientes.<\/p><\/div><\/div><\/div><\/div><\/div><\/div><\/div><\/div><\/div><\/div><\/div><\/div><\/div><\/div><\/div>","protected":false},"excerpt":{"rendered":"<p>Formaciones Nuestra academia de u\u00f1as es el lugar ideal para todas aquellas personas que deseen adquirir conocimientos y habilidades en el mundo de la manicura. Ofrecemos una amplia variedad de formaciones que se adaptan a todos los niveles, desde principiantes hasta profesionales en busca de perfeccionamiento. Nuestros cursos abarcan desde t\u00e9cnicas b\u00e1sicas de esmaltado y [&hellip;]<\/p>\n","protected":false},"author":1,"featured_media":882,"parent":0,"menu_order":61,"comment_status":"closed","ping_status":"closed","template":"","meta":{"om_disable_all_campaigns":false,"_monsterinsights_skip_tracking":false,"_monsterinsights_sitenote_active":false,"_monsterinsights_sitenote_note":"","_monsterinsights_sitenote_category":0,"footnotes":""},"class_list":["post-303","page","type-page","status-publish","has-post-thumbnail","hentry"],"blocksy_meta":[],"aioseo_notices":[],"jetpack_likes_enabled":true,"jetpack_sharing_enabled":true,"_links":{"self":[{"href":"https:\/\/sheilamanicure.com\/index.php?rest_route=\/wp\/v2\/pages\/303"}],"collection":[{"href":"https:\/\/sheilamanicure.com\/index.php?rest_route=\/wp\/v2\/pages"}],"about":[{"href":"https:\/\/sheilamanicure.com\/index.php?rest_route=\/wp\/v2\/types\/page"}],"author":[{"embeddable":true,"href":"https:\/\/sheilamanicure.com\/index.php?rest_route=\/wp\/v2\/users\/1"}],"replies":[{"embeddable":true,"href":"https:\/\/sheilamanicure.com\/index.php?rest_route=%2Fwp%2Fv2%2Fcomments&post=303"}],"version-history":[{"count":11,"href":"https:\/\/sheilamanicure.com\/index.php?rest_route=\/wp\/v2\/pages\/303\/revisions"}],"predecessor-version":[{"id":2248,"href":"https:\/\/sheilamanicure.com\/index.php?rest_route=\/wp\/v2\/pages\/303\/revisions\/2248"}],"wp:featuredmedia":[{"embeddable":true,"href":"https:\/\/sheilamanicure.com\/index.php?rest_route=\/wp\/v2\/media\/882"}],"wp:attachment":[{"href":"https:\/\/sheilamanicure.com\/index.php?rest_route=%2Fwp%2Fv2%2Fmedia&parent=303"}],"curies":[{"name":"wp","href":"https:\/\/api.w.org\/{rel}","templated":true}]}}